{"id":175,"date":"2017-02-01T18:42:27","date_gmt":"2017-02-01T18:42:27","guid":{"rendered":"http:\/\/sastamalanau.fi\/sau\/?page_id=175"},"modified":"2017-02-07T15:54:30","modified_gmt":"2017-02-07T15:54:30","slug":"vuosi-2016","status":"publish","type":"page","link":"http:\/\/sastamalanau.fi\/sau\/vuosi-2016\/","title":{"rendered":"Vuosi 2016"},"content":{"rendered":"<p><span style=\"color: #0000cd;\"><span style=\"font-size: 20px;\"><strong>2016<\/strong><\/span><\/span><\/p>\n<p><strong>SYYSKOKOUS JA SAUNAILTA<\/strong><br \/>\n<strong>Levon mets\u00e4stysmajalla la 5.11.2016 klo 18.00.<\/strong><\/p>\n<p>Illan aikana palkitaan sek\u00e4 toimitsijoita ett\u00e4 kilpailijoita ja muistetaan merkkip\u00e4iv\u00e4\u00e4ns\u00e4 t\u00e4n\u00e4 vuonna viett\u00e4neit\u00e4.<br \/>\nTervetuloa syyskokoukseen ja saunailtaan!<br \/>\n<a href=\"http:\/\/sastamalanau.fi\/sau\/palautelomake\/\" target=\"_blank\">Ilmoittaudu t\u00e4st\u00e4<\/a><br \/>\n<strong>Huom!<\/strong>\u00a0Voit ilmoittaa linkin kautta useamman henkil\u00f6n kerralla kirjoittamalla Palaute-kentt\u00e4\u00e4n osallistujien nimet.<\/p>\n<p>&nbsp;<\/p>\n<p><strong>EK-HOIDOT<\/strong><\/p>\n<p>la\u00a022.10.2016 Rantaralli (NaSU)<strong><br \/>\n<\/strong>Hoidamme rallissa maalip\u00e4\u00e4n ja joitakin sulkuja.<br \/>\nSulkuaika: 10.20 \u2013 18.00<br \/>\nKokoontuminen: la 22.10.2016 klo 9.00 St1, Kirkkokatu 17, 23100 MYN\u00c4M\u00c4KI.<br \/>\nYhteyshenkil\u00f6 Jari Tuomisto, puh. 0500 901\u00a0906<\/p>\n<p>la 24.9.2016 Pirelli-ralli, Tampere (TamUA)<strong><br \/>\n<\/strong>Hoidamme rallissa koko EK9 , pituus 18,2 km<br \/>\nSulkuaika: 14.30 \u2013 21.30<br \/>\nKokoontuminen klo 13.30 Rautaniementien ja Pokluntintien risteyksess\u00e4.<br \/>\nEK:lle tarvitaan paljon toimitsijoita ja nyt on EK l\u00e4hell\u00e4, niin kaikilla on mahdollisuus p\u00e4\u00e4st\u00e4 mukaan.<br \/>\nIlmoittautua voi Jarille, puh. 0500 901\u00a0906<\/p>\n<p>la\u00a010.9.2016 Kaasujalka-ralli (RaisUA)<br \/>\nHoidamme rallissa l\u00e4ht\u00f6p\u00e4\u00e4n ja puolet suluista EK:lla 1\/4, pituus: 7,65 km.<br \/>\nSulkuaika: klo 12.00 \u2013 20.30.<br \/>\nKokoontuminen la 10.9. Orip\u00e4\u00e4n Shellill\u00e4 klo 10.45<br \/>\nYhteyshenkil\u00f6 Jari Tuomisto, puh. 0500 901\u00a0906<\/p>\n<p>la 20.8.2016 SM-Ralli Turku (TUA)<br \/>\nHoidamme rallissa EK 6, pituus: 5,96 km.<br \/>\nSulkuaika: klo 10.30 \u2013 16.00.<br \/>\nKokoontuminen klo 9.30 Grilli-kahvio Pikkul\u00e4mmin, Salontie 20, 21480 MARTTILA<br \/>\nYhteyshenkil\u00f6 Jari Tuomisto, puh. 0500 901\u00a0906<\/p>\n<p>su 31.7.2016 Maanrakennus JM, Kokem\u00e4ki (PunMK\/UA).<br \/>\nTikkumiehi\u00e4 tarvitaan 8 kpl.<br \/>\nYhteyshenkil\u00f6 Jari Tuomisto, puh. 0500 901\u00a0906<\/p>\n<p>la\u00a016.7.2016 Autoglym-ralli, Kangasala (PR-Racing).<br \/>\nHoidamme rallissa EK 4\/8, pituus: 14,78 km.<br \/>\nSulkuaika: klo 11.00 \u2013 24.00.<br \/>\nYhteyshenkil\u00f6 Jari Tuomisto, puh. 0500 901\u00a0906<\/p>\n<p>&nbsp;<\/p>\n<p><img loading=\"lazy\" decoding=\"async\" src=\"http:\/\/www.sastamalanau.fi\/www\/images\/Enset-logo-pitk%C3%A4.png\" alt=\"Enset-logo-pitk\u00e4.png\" width=\"439\" height=\"104\" \/><\/p>\n<p style=\"margin-top: 0cm; margin-right: 0cm; margin-bottom: 0.0001pt;\">\n<p><strong>EK-HOIDOT<\/strong><\/p>\n<p>la 28.5.2016 Uusikaupunki-ralli, F-rallisarja (TMS)<\/p>\n<p>la 14.5.2016 Teijo Talot \u2013ralli, RSJM (Salon UA)EK6 sulkumiehi\u00e4 tarvitaan<br \/>\nYhteyshenkil\u00f6: Jari Tuomisto, puh. 0500 901 906<\/p>\n<p>&nbsp;<\/p>\n<p><strong>VAPPUTAPAHTUMA 1.5.2016 klo 12.00 PIKKUTORILLA<\/strong><br \/>\nOsallistumme j\u00e4lleen Vapputapahtumaan ja markkinoimme samalla Enset Oy SM-rallia. Esill\u00e4 on SM-kalustoa ja tietysti my\u00f6s paikallisten kuskien kalustoa. Mika Karvonen\u00a0ja Antti Suominen on lupautunut myym\u00e4\u00e4n makkaraa ja kahvia. Tervetuloa!<\/p>\n<p>&nbsp;<\/p>\n<p><strong>ENSET OY SM-RALLIN REKRYTOINTITILAISUUS to 28.4.2016 klo 18.00\u00a0<\/strong><\/p>\n<p>Tule tekem\u00e4\u00e4n kanssamme Suomen parasta SM-rallia.<\/p>\n<p>SAU j\u00e4rjest\u00e4\u00e4 yhdess\u00e4 Huittisten UA:n kanssa Enset Oy SM-Rallin la 11.6.2016. Kilpailukeskuksena toimii Vexve-Areena Sastamalassa.<\/p>\n<p>Tarvitsemme kaikki apuvoimat j\u00e4rjest\u00e4\u00e4ksemme sarjan parhaan SM-kilpailun ja siksi pid\u00e4mme rekrytointitilaisuuden SAU:n kerhotilassa (Pirantie 2) to 28.4.2016 klo 18.00 alkaen.<\/p>\n<p>Tule ja ota kaverikin mukaan, niin valitaan kaikille sopiva teht\u00e4v\u00e4 SM-rallissa. Samalla n\u00e4et remontoidun kerhotilamme.<\/p>\n<p>Kahvia ja pullaa on my\u00f6s tarjolla.<br \/>\nTerveisin<br \/>\nEnset Oy SM-Rallin j\u00e4rjestelytoimikunta<\/p>\n<p><strong><br \/>\nTELAKONE-ralli la 13.2.2016, Kyr\u00f6n Seudun UA<\/strong><br \/>\nHoidamme rallissa EK 1 yhdess\u00e4 HuiUA:n kanssa. EK:n pituus 7,32 km.<br \/>\nSulkuaika klo 10.45 &#8211; 17.15.<br \/>\nEK-p\u00e4\u00e4llikk\u00f6 Mika Karvonen, puh. 040\u00a0582 2113<br \/>\nTurvap\u00e4\u00e4llikk\u00f6 Jari Tuomisto, puh. 0500 901\u00a0906<br \/>\nKokoontuminen kantatie 41 varalaskeutumiskent\u00e4n j\u00e4lkeen olevalla lev\u00e4hdysalueella klo 10.00.<br \/>\n<strong>Huom!\u00a0\u00a0\u00a0\u00a0 Telakone-ralli on peruttu keliolosuhteiden vuoksi.<\/strong><\/p>\n","protected":false},"excerpt":{"rendered":"<p>2016 SYYSKOKOUS JA SAUNAILTA Levon mets\u00e4stysmajalla la 5.11.2016 klo 18.00. Illan aikana palkitaan sek\u00e4 toimitsijoita ett\u00e4 kilpailijoita ja muistetaan merkkip\u00e4iv\u00e4\u00e4ns\u00e4[&#8230;]<\/p>\n","protected":false},"author":1,"featured_media":0,"parent":0,"menu_order":0,"comment_status":"closed","ping_status":"closed","template":"","meta":{"footnotes":""},"class_list":["post-175","page","type-page","status-publish","hentry"],"_links":{"self":[{"href":"http:\/\/sastamalanau.fi\/sau\/wp-json\/wp\/v2\/pages\/175","targetHints":{"allow":["GET"]}}],"collection":[{"href":"http:\/\/sastamalanau.fi\/sau\/wp-json\/wp\/v2\/pages"}],"about":[{"href":"http:\/\/sastamalanau.fi\/sau\/wp-json\/wp\/v2\/types\/page"}],"author":[{"embeddable":true,"href":"http:\/\/sastamalanau.fi\/sau\/wp-json\/wp\/v2\/users\/1"}],"replies":[{"embeddable":true,"href":"http:\/\/sastamalanau.fi\/sau\/wp-json\/wp\/v2\/comments?post=175"}],"version-history":[{"count":5,"href":"http:\/\/sastamalanau.fi\/sau\/wp-json\/wp\/v2\/pages\/175\/revisions"}],"predecessor-version":[{"id":197,"href":"http:\/\/sastamalanau.fi\/sau\/wp-json\/wp\/v2\/pages\/175\/revisions\/197"}],"wp:attachment":[{"href":"http:\/\/sastamalanau.fi\/sau\/wp-json\/wp\/v2\/media?parent=175"}],"curies":[{"name":"wp","href":"https:\/\/api.w.org\/{rel}","templated":true}]}}