{"id":185,"date":"2017-02-01T18:50:13","date_gmt":"2017-02-01T18:50:13","guid":{"rendered":"http:\/\/sastamalanau.fi\/sau\/?page_id=185"},"modified":"2017-02-07T16:20:09","modified_gmt":"2017-02-07T16:20:09","slug":"vuosi-2013","status":"publish","type":"page","link":"http:\/\/sastamalanau.fi\/sau\/vuosi-2013\/","title":{"rendered":"Vuosi 2013"},"content":{"rendered":"<p><strong>Monakossa\u00a0j\u00e4rjestet\u00e4\u00e4n\u00a0ajotapahtuma\u00a0JM-luokan\u00a0autoille.<\/strong><br \/>\nla 26.10.2013\u00a0klo\u00a010.00 &#8211; 14.00<br \/>\nTapahtumaan\u00a0ovat\u00a0tervetulleita\u00a0my\u00f6s\u00a0l\u00e4hialueen\u00a0asukkaat.<br \/>\nTapahtumassa\u00a0mitataan\u00a0\u00e4\u00e4ni\u00e4\u00a0eri\u00a0autom\u00e4\u00e4rill\u00e4\u00a0normaali\u00e4\u00e4nenvaimennuksella\u00a0sek\u00e4 lis\u00e4-\u00e4\u00e4nenvaimennuksella.<br \/>\nMittauksia suoritetaan l\u00e4ht\u00f6tasojen selvitt\u00e4miseksi\u00a0kilpailualueella ja mahdollisesti jo mitatuissa pisteiss\u00e4\u00a0sek\u00e4 Houhaj\u00e4rventien varressa.<br \/>\nTarkoituksena selvitt\u00e4\u00e4 lis\u00e4-\u00e4\u00e4nenvaimennuksen tehokkuus harjoitusk\u00e4yt\u00f6ss\u00e4.<br \/>\nAlueella on\u00a0my\u00f6s\u00a0makkara- ja kahvitarjoilu.<br \/>\nTervetuloa!<\/p>\n<p>&nbsp;<\/p>\n<p><strong>SYYSKOKOUS JA\u00a0SAUNAILTA\u00a0Levon\u00a0mets\u00e4stysseuran\u00a0majalla la 5.10.2013\u00a0klo\u00a017.00.<\/strong><br \/>\nTervetuloa\u00a0kaikki\u00a0j\u00e4senet!<\/p>\n<p>&nbsp;<\/p>\n<p><strong>EK-HOIDOT<\/strong><br \/>\n28.09. SM\u00a0Castrol-ralli,\u00a0Tampere<br \/>\nHoidetaan\u00a0EK:sta\u00a0puolet<br \/>\nKokoontuminen la 28.9.2013 klo 8.30 Kyr\u00f6nlahden ST1:ll\u00e4 (Yl\u00f6j\u00e4rvi &#8211; Kuru tie nro 65)<br \/>\nErikoiskoe ajetaan kahdesti<br \/>\nEK5\u00a0\u00a0 nro 1\u00a0\u00a0 klo 11.05<br \/>\nEK9\u00a0\u00a0 nro 1\u00a0\u00a0 klo 16.38<br \/>\nYhteyshenkil\u00f6n\u00e4\u00a0on\u00a0Esko\u00a0Pyym\u00e4ki,\u00a0puh. 050 541 5273.<\/p>\n<p>21.09.\u00a0Nuutaj\u00e4rven\u00a0Lasi-Ralli,\u00a0Urjala\u00a0(F-cup)<br \/>\nHoidetaan\u00a0koko\u00a0EK\u00a01 (sulkuaika\u00a09.50 &#8211; 17.00)<br \/>\nKokoontuminen\u00a0Halkivahan\u00a0Seolla\u00a0klo\u00a08.45.<br \/>\nYhteyshenkil\u00f6n\u00e4\u00a0on\u00a0Jari\u00a0Tuomisto,\u00a0puh. 0500 901\u00a0906.<\/p>\n<p>&nbsp;<\/p>\n<p><strong>TALKOOT\u00a0Monakossa<\/strong>\u00a0rajalinjan\u00a0avaamiseksi\u00a0ke\u00a021.8.2013\u00a0klo\u00a017.30\u00a0alkaen.<br \/>\nMakkaraa\u00a0ja\u00a0kahvia\u00a0tarjolla.<\/p>\n<p>&nbsp;<\/p>\n<p>Valvoline\u00a0Sastamala-rallin\u00a0tulokset\u00a0MUT-Palvelun\u00a0sivuilla\u00a0sek\u00e4\u00a0<a href=\"https:\/\/akk.autourheilu.fi\/Public\/Kiti\/Competition\/CompetitionOpen.aspx?id=3128&amp;edit=0\">Kitiss\u00e4<\/a>.<\/p>\n<p>VALVOLINE-RALLI la 6.7.2013<\/p>\n<p>9.\u00a0RALLIN\u00a0J\u00c4RJESTELYPALAVERI\u00a0ke\u00a026.6.2013\u00a0klo\u00a018.00\u00a0Heinon\u00a0Leipomolla. (Sastamalankatu\u00a070)<\/p>\n<p>8.\u00a0RALLIN\u00a0J\u00c4RJESTELYPALAVERI\u00a0ti\u00a012.6.2013\u00a0klo\u00a018.00\u00a0Heinon\u00a0Leipomolla. (Sastamalankatu\u00a070)<\/p>\n<p>7.\u00a0RALLIN\u00a0J\u00c4RJESTELYPALAVERI\u00a0ti\u00a014.5.2013\u00a0klo\u00a018.00\u00a0Heinon\u00a0Leipomolla. (Sastamalankatu\u00a070)<\/p>\n<p>6. RALLIN J\u00c4RJESTELYPALAVERI ti 9.4.2013 klo 18.00 Heinon Leipomolla.<\/p>\n<p>5.\u00a0RALLIN\u00a0J\u00c4RJESTELYPALAVERI\u00a0ma 4.3.2013\u00a0klo\u00a019.00\u00a0Vinkin\u00a0vapaa-aikakeskuksessa.<\/p>\n<p>4. RALLIN J\u00c4RJESTELYPALAVERI ma 4.2.2013 klo 19.00\u00a0Vinkin vapaa-aikakeskuksessa.<\/p>\n<p>3. RALLIN J\u00c4RJESTELYPALAVERI ma 7.1.2013 19.00\u00a0hallituksen kokouksen j\u00e4lkeen Vinkin vapaa-aikakeskuksessa.<\/p>\n<p>&nbsp;<\/p>\n<p><strong>JM-kilpailu\u00a0Monako\u00a0GP\u00a0Sastamala\u00a0\u00a0\u00a0\u00a0\u00a0su\u00a026.5.2013\u00a0klo\u00a011.00<\/strong><\/p>\n<p>JM-kilpailun\u00a0<a href=\"files\/Monako GP 2013 JM-kilpailun tiedote.doc\">tiedote.<\/a><\/p>\n<p>MONAKO\u00a0GP:n\u00a0talkoot\u00a0ti\u00a021.5.2013\u00a0klo\u00a017.00\u00a0alkaen\u00a0Monakossa.\u00a0My\u00f6hemminkin\u00a0saa\u00a0tulla.<\/p>\n<p>JM-kilpailun\u00a0J\u00c4RJESTELYPALAVERI\u00a0ma 13.5.2013\u00a0klo\u00a018.30\u00a0Lousajan\u00a0kerhotilassa.<\/p>\n<p>JM-kilpailun\u00a03.\u00a0J\u00c4RJESTELYPALAVERI\u00a0ti\u00a023.4.2013\u00a0klo\u00a018.30\u00a0Vinkin\u00a0vapaa-aikakeskuksessa.<\/p>\n<p>JM-kilpailun\u00a02.\u00a0J\u00c4RJESTELYPALAVERI\u00a0ti\u00a019.3.2013\u00a0klo\u00a019.00\u00a0Vinkin\u00a0vapaa-aikakeskuksessa.<\/p>\n<p>JM-kilpailun 1. J\u00c4RJESTELYPALAVERI ti 12.2.2013 klo 18.30 Vinkin vapaa-aikakeskuksessa.<\/p>\n<p>&nbsp;<\/p>\n<p><strong>KEV\u00c4TKOKOUS\u00a0ke\u00a017.4.2013\u00a0klo\u00a019.00\u00a0Heinon\u00a0Leipomolla<\/strong><br \/>\nKahvitarjoilu. Kaikki\u00a0j\u00e4senet\u00a0tervetuloa!<\/p>\n<p>&nbsp;<\/p>\n<p><strong>EK-HOIDOT<\/strong><br \/>\nKyr\u00f6n\u00a0ralli\u00a0la 9.3.2013\u00a0PERUUTETTU\u00a0OSANOTTAJAPULAN\u00a0VUOKSI<br \/>\nEK-p\u00e4\u00e4llikk\u00f6:\u00a0Jari\u00a0Tuomisto,\u00a0puh. 0500-901906,\u00a0EK\u00a0turvap\u00e4\u00e4llikk\u00f6:\u00a0Esko\u00a0Pyym\u00e4ki,\u00a0puh.<br \/>\n050-5415273,\u00a0EK\u00a0j\u00e4rjestysp\u00e4\u00e4llikk\u00f6:\u00a0Ismo\u00a0L\u00e4hteenm\u00e4ki,\u00a0puh. 040-5588347<\/p>\n<p>10. Huittisten ralli la 23.2.2013<br \/>\nEK-p\u00e4\u00e4llikk\u00f6: Timo L\u00e4hteenm\u00e4ki, EK turvap\u00e4\u00e4llikk\u00f6: Teemu Tihver\u00e4inen, Yhteyshenkil\u00f6 Ismo L\u00e4hteenm\u00e4ki, puh. 040-5588347<\/p>\n<p>&nbsp;<\/p>\n<p>&nbsp;<\/p>\n","protected":false},"excerpt":{"rendered":"<p>Monakossa\u00a0j\u00e4rjestet\u00e4\u00e4n\u00a0ajotapahtuma\u00a0JM-luokan\u00a0autoille. la 26.10.2013\u00a0klo\u00a010.00 &#8211; 14.00 Tapahtumaan\u00a0ovat\u00a0tervetulleita\u00a0my\u00f6s\u00a0l\u00e4hialueen\u00a0asukkaat. Tapahtumassa\u00a0mitataan\u00a0\u00e4\u00e4ni\u00e4\u00a0eri\u00a0autom\u00e4\u00e4rill\u00e4\u00a0normaali\u00e4\u00e4nenvaimennuksella\u00a0sek\u00e4 lis\u00e4-\u00e4\u00e4nenvaimennuksella. Mittauksia suoritetaan l\u00e4ht\u00f6tasojen selvitt\u00e4miseksi\u00a0kilpailualueella ja mahdollisesti jo mitatuissa pisteiss\u00e4\u00a0sek\u00e4 Houhaj\u00e4rventien varressa. Tarkoituksena[&#8230;]<\/p>\n","protected":false},"author":1,"featured_media":0,"parent":0,"menu_order":0,"comment_status":"closed","ping_status":"closed","template":"","meta":{"footnotes":""},"class_list":["post-185","page","type-page","status-publish","hentry"],"_links":{"self":[{"href":"http:\/\/sastamalanau.fi\/sau\/wp-json\/wp\/v2\/pages\/185","targetHints":{"allow":["GET"]}}],"collection":[{"href":"http:\/\/sastamalanau.fi\/sau\/wp-json\/wp\/v2\/pages"}],"about":[{"href":"http:\/\/sastamalanau.fi\/sau\/wp-json\/wp\/v2\/types\/page"}],"author":[{"embeddable":true,"href":"http:\/\/sastamalanau.fi\/sau\/wp-json\/wp\/v2\/users\/1"}],"replies":[{"embeddable":true,"href":"http:\/\/sastamalanau.fi\/sau\/wp-json\/wp\/v2\/comments?post=185"}],"version-history":[{"count":5,"href":"http:\/\/sastamalanau.fi\/sau\/wp-json\/wp\/v2\/pages\/185\/revisions"}],"predecessor-version":[{"id":207,"href":"http:\/\/sastamalanau.fi\/sau\/wp-json\/wp\/v2\/pages\/185\/revisions\/207"}],"wp:attachment":[{"href":"http:\/\/sastamalanau.fi\/sau\/wp-json\/wp\/v2\/media?parent=185"}],"curies":[{"name":"wp","href":"https:\/\/api.w.org\/{rel}","templated":true}]}}