{"id":187,"date":"2017-02-01T18:51:01","date_gmt":"2017-02-01T18:51:01","guid":{"rendered":"http:\/\/sastamalanau.fi\/sau\/?page_id=187"},"modified":"2017-02-07T16:25:52","modified_gmt":"2017-02-07T16:25:52","slug":"vuosi-2012","status":"publish","type":"page","link":"http:\/\/sastamalanau.fi\/sau\/vuosi-2012\/","title":{"rendered":"Vuosi 2012"},"content":{"rendered":"<p>&nbsp;<\/p>\n<p>2.\u00a0RALLIN\u00a0J\u00c4RJESTELYPALAVERI\u00a0to 13.12.2012\u00a0klo\u00a019.00<br \/>\nVinkin\u00a0vapaa-aikakeskuksessa.<\/p>\n<p>&nbsp;<\/p>\n<p><strong>MESSUMATKA<\/strong><br \/>\nVM Motorsport Show la 10.11.2012<br \/>\nL\u00e4ht\u00f6\u00a0Vammalan\u00a0linja-autoasemalta\u00a0klo\u00a08.00<br \/>\nYhteyshenkil\u00f6\u00a0Martti\u00a0Lehtinen,\u00a0puh. 040 541 5959.<\/p>\n<p>&nbsp;<\/p>\n<p><strong>SASTAMALAN\u00a0MESTARUUS-JM\u00a0la 13.10.2012\u00a0klo\u00a013.00\u00a0Monakossa<\/strong><br \/>\nTULOKSET<\/p>\n<table border=\"0\" width=\"295\" cellspacing=\"0\" cellpadding=\"0\">\n<tbody>\n<tr>\n<td height=\"21\">Yleinen<\/td>\n<td height=\"21\"><\/td>\n<\/tr>\n<tr>\n<td height=\"21\">1.\u00a0Tommi\u00a0Joki<\/td>\n<td height=\"21\"><\/td>\n<\/tr>\n<tr>\n<td height=\"21\">2.\u00a0Tomi\u00a0Helenius<\/td>\n<td height=\"21\"><\/td>\n<\/tr>\n<tr>\n<td height=\"21\">3. Ville\u00a0T\u00f6rm\u00e4<\/td>\n<td height=\"21\"><\/td>\n<\/tr>\n<tr>\n<td height=\"21\">4. Jesse\u00a0Siuko<\/td>\n<td height=\"21\"><\/td>\n<\/tr>\n<tr>\n<td height=\"21\">5.\u00a0Jari\u00a0Jalonen<\/td>\n<td height=\"21\"><\/td>\n<\/tr>\n<tr>\n<td height=\"21\">6. Sami\u00a0Helenius<\/td>\n<td height=\"21\"><\/td>\n<\/tr>\n<tr>\n<td height=\"21\"><\/td>\n<td height=\"21\"><\/td>\n<\/tr>\n<tr>\n<td height=\"21\">Naiset<\/td>\n<td height=\"21\"><\/td>\n<\/tr>\n<tr>\n<td height=\"21\">1.\u00a0Seita-Maaria\u00a0Joki<\/td>\n<td height=\"21\"><\/td>\n<\/tr>\n<tr>\n<td height=\"21\">2. Elisa\u00a0Saarela<\/td>\n<td height=\"21\"><\/td>\n<\/tr>\n<tr>\n<td height=\"21\">3.\u00a0Essi\u00a0Korpela<\/td>\n<td height=\"21\"><\/td>\n<\/tr>\n<tr>\n<td height=\"21\">4.\u00a0Leena\u00a0Virtanen<\/td>\n<td height=\"21\"><\/td>\n<\/tr>\n<tr>\n<td height=\"21\">5. Susanna\u00a0Korpela<\/td>\n<td height=\"21\"><\/td>\n<\/tr>\n<tr>\n<td height=\"21\">6.\u00a0Henna-Riikka\u00a0Kalliolepo<\/td>\n<td height=\"21\"><\/td>\n<\/tr>\n<tr>\n<td height=\"21\"><\/td>\n<td height=\"21\"><\/td>\n<\/tr>\n<tr>\n<td height=\"21\">Nuoret<\/td>\n<td height=\"21\"><\/td>\n<\/tr>\n<tr>\n<td height=\"21\">1.\u00a0Santeri\u00a0Wilpola<\/td>\n<td height=\"21\"><\/td>\n<\/tr>\n<tr>\n<td height=\"21\">2.\u00a0Jonne\u00a0Virtanen<\/td>\n<td height=\"21\"><\/td>\n<\/tr>\n<tr>\n<td height=\"21\">3.\u00a0Samuli\u00a0Saarela<\/td>\n<td height=\"21\"><\/td>\n<\/tr>\n<\/tbody>\n<\/table>\n<p>&nbsp;<\/p>\n<p><strong>SAUNAILTA\u00a0JA\u00a0SYYSKOKOUS\u00a0la 29.9.2012\u00a0klo\u00a017.00\u00a0alkaen<\/strong><br \/>\nLevon\u00a0Mets\u00e4stysseuran\u00a0majalla.<br \/>\nHallitus\u00a0kokoontuu\u00a0klo\u00a016.00.<\/p>\n<p>&nbsp;<\/p>\n<p><strong>EK-HOITO<\/strong><br \/>\nMerikievari\u00a0SM-ralli\u00a0la 18.8.2012<br \/>\nEK\u00a01,\u00a0sulkuaika\u00a0klo\u00a08.30 &#8211; 14.30.<br \/>\nYhteyshenkil\u00f6\u00a0Jari\u00a0Tuomisto,\u00a0puh. 0500 901 906.<\/p>\n<p>&nbsp;<\/p>\n<p>Kotaj\u00e4rven\u00a0Auto-\u00a0ja\u00a0traktorimuseo\u00a0ja\u00a0Sastamalan\u00a0Autourheilijat\u00a0j\u00e4rjest\u00e4m\u00e4<br \/>\n<strong>ROMPETORI\u00a0\u00a0\u00a0 la 14.7.2012\u00a0klo\u00a09.00 \u2013 15.00<\/strong><br \/>\nAuto-\u00a0ja\u00a0Traktorimuseolla\u00a0osoitteessa\u00a0Punkalaitumentie\u00a0158,\u00a0Sastamala<br \/>\nKaikki\u00a0myyntipaikat:\u00a0\u00a0\u00a0\u00a0\u00a0\u00a0\u00a0\u00a0\u00a0\u00a0\u00a0 15 \u20ac<br \/>\nMyyd\u00e4\u00e4n\u00a0museolta\u00a0poistettavia\u00a0traktoreita\u00a0ja\u00a0maamoottoreita\u00a0ym.<br \/>\nPaikalla\u00a0kilpailukaluston\u00a0esittely\u00e4\u00a0ym.\u00a0ohjelmaa.<br \/>\nVaraukset:\u00a0Esko\u00a0Pyym\u00e4ki\u00a0\u00a0\u00a0puh. 050\u00a0541 5273\u00a0\u00a0\u00a0\u00a0\u00a0\u00a0<a href=\"mailto:esko.pyymaki@valimaentila.com\">esko.pyymaki@valimaentila.com<\/a><br \/>\nTarkemmat\u00a0tiedot: <a href=\"http:\/\/www.rompetori.info\/\">www.rompetori.info<\/a>\u00a0\u00a0\u00a0\u00a0\u00a0\u00a0\u00a0\u00a0\u00a0\u00a0\u00a0\u00a0\u00a0<a href=\"http:\/\/www.kotajarvi-saatio.fi\/\">www.kotajarvi-saatio.fi<\/a>\u00a0\u00a0\u00a0\u00a0\u00a0\u00a0\u00a0\u00a0<a href=\"http:\/\/www.sastamalanau.fi\/\">www.sastamalanau.fi<\/a><\/p>\n<p>&nbsp;<\/p>\n<p><strong>EK-HOITO<\/strong><br \/>\nNuutaj\u00e4rven\u00a0Lasi-ralli\u00a016.6.2012\u00a0\u00a0sulkuaika\u00a011.30 &#8211; 18.30.<br \/>\nHoidamme\u00a0rallissa\u00a0EK\u00a04\u00a0yhdess\u00e4\u00a0Huittisten\u00a0UA:n\u00a0kanssa.<br \/>\nKokoontuminen\u00a0Sammaan\u00a0koululla\u00a0klo\u00a010.30.<br \/>\nSulkuhenkil\u00f6iksi\u00a0voi\u00a0ilmoittautua\u00a0Esko\u00a0Pyym\u00e4elle,\u00a0puh. 050 541 5273 pe\u00a08.6.\u00a0menness\u00e4.<\/p>\n<p>&nbsp;<\/p>\n<p><strong>MONAKO\u00a0GP\u00a0su\u00a027.5.2012<\/strong><\/p>\n<p>JM-KILPAILUN\u00a0TALKOOT\u00a0Monakossa\u00a0to 24.5.2012<strong><br \/>\n<\/strong><\/p>\n<p>4. JM j\u00e4rjestelypalaveri\u00a0pidet\u00e4\u00e4n\u00a0ma 21.5.2012\u00a0klo\u00a019.00\u00a0Torikahvila\u00a0Apriscossa.<\/p>\n<p>3. JM j\u00e4rjestelypalaveri\u00a0pidet\u00e4\u00e4n\u00a0ti\u00a08.5.2012\u00a0klo\u00a019.00\u00a0Torikahvila\u00a0Apriscossa.<\/p>\n<p>2. JM j\u00e4rjestelypalaveri\u00a0pidet\u00e4\u00e4n\u00a0ma 19.3.2012\u00a0klo\u00a018.30\u00a0Vinkin\u00a0vapaa-aikakeskuksessa.<\/p>\n<p>1.\u00a0 JM j\u00e4rjestelypalaveri\u00a0pidet\u00e4\u00e4n\u00a0ma 13.2.2012\u00a0klo\u00a018.30\u00a0Vinkin\u00a0vapaa-aikakeskuksessa.<\/p>\n<p>&nbsp;<\/p>\n<p><strong>KEV\u00c4TKOKOUS<\/strong><br \/>\nma 16.4.2012\u00a0klo\u00a019.00.\u00a0Heinon\u00a0Leipomolla,\u00a0Sastamalankatu\u00a070.<br \/>\nK\u00e4sitell\u00e4\u00e4n\u00a0s\u00e4\u00e4nt\u00f6jen\u00a0m\u00e4\u00e4r\u00e4\u00e4m\u00e4t\u00a0asiat.<br \/>\nKaikki\u00a0j\u00e4senet\u00a0tervetuloa!<\/p>\n<p>&nbsp;<\/p>\n<p>Kaikille\u00a0avoin\u00a0<strong>AJOHARJOITTELUTAPAHTUMA<\/strong>\u00a0V\u00e4lim\u00e4en\u00a0tilan\u00a0j\u00e4\u00e4radalla<br \/>\nsu\u00a018.3.\u00a0klo\u00a012.00 &#8211; 16.00.<br \/>\nTapahtuma\u00a0j\u00e4rjestet\u00e4\u00e4n, rata on\u00a0viel\u00e4\u00a0hyv\u00e4ss\u00e4\u00a0kunnossa.<br \/>\nAjoharjoittelutapahtuman\u00a0<a href=\"files\/Ajoharjoittelutapahtuma%20%2018%203%202012.doc\">S\u00c4\u00c4NN\u00d6T<\/a><\/p>\n<p>&nbsp;<\/p>\n<p><strong>EK-HOITO<\/strong><br \/>\nUusikaupunki-ralli\u00a0la 14.1.2012\u00a0\u00a0sulkuaika\u00a013.00 &#8211; 20.15<br \/>\nHoidamme\u00a0rallissa\u00a0EK\u00a04\u00a0yhdess\u00e4\u00a0Myn\u00e4m\u00e4en\u00a0UA:n\u00a0kanssa.\u00a0SAU\u00a0hoitaa\u00a0l\u00e4hd\u00f6n\u00a0ja\u00a0sulkuja.<br \/>\nKokoontuminen\u00a0Laitilan\u00a0Shellill\u00e4\u00a0klo\u00a012.00.<br \/>\nYhteyshenkil\u00f6\u00a0Ismo\u00a0L\u00e4hteenm\u00e4ki,\u00a0puh. 040-5588347<\/p>\n<p>&nbsp;<\/p>\n","protected":false},"excerpt":{"rendered":"<p>&nbsp; 2.\u00a0RALLIN\u00a0J\u00c4RJESTELYPALAVERI\u00a0to 13.12.2012\u00a0klo\u00a019.00 Vinkin\u00a0vapaa-aikakeskuksessa. &nbsp; MESSUMATKA VM Motorsport Show la 10.11.2012 L\u00e4ht\u00f6\u00a0Vammalan\u00a0linja-autoasemalta\u00a0klo\u00a08.00 Yhteyshenkil\u00f6\u00a0Martti\u00a0Lehtinen,\u00a0puh. 040 541 5959. &nbsp; SASTAMALAN\u00a0MESTARUUS-JM\u00a0la 13.10.2012\u00a0klo\u00a013.00\u00a0Monakossa TULOKSET[&#8230;]<\/p>\n","protected":false},"author":1,"featured_media":0,"parent":0,"menu_order":0,"comment_status":"closed","ping_status":"closed","template":"","meta":{"footnotes":""},"class_list":["post-187","page","type-page","status-publish","hentry"],"_links":{"self":[{"href":"http:\/\/sastamalanau.fi\/sau\/wp-json\/wp\/v2\/pages\/187","targetHints":{"allow":["GET"]}}],"collection":[{"href":"http:\/\/sastamalanau.fi\/sau\/wp-json\/wp\/v2\/pages"}],"about":[{"href":"http:\/\/sastamalanau.fi\/sau\/wp-json\/wp\/v2\/types\/page"}],"author":[{"embeddable":true,"href":"http:\/\/sastamalanau.fi\/sau\/wp-json\/wp\/v2\/users\/1"}],"replies":[{"embeddable":true,"href":"http:\/\/sastamalanau.fi\/sau\/wp-json\/wp\/v2\/comments?post=187"}],"version-history":[{"count":3,"href":"http:\/\/sastamalanau.fi\/sau\/wp-json\/wp\/v2\/pages\/187\/revisions"}],"predecessor-version":[{"id":209,"href":"http:\/\/sastamalanau.fi\/sau\/wp-json\/wp\/v2\/pages\/187\/revisions\/209"}],"wp:attachment":[{"href":"http:\/\/sastamalanau.fi\/sau\/wp-json\/wp\/v2\/media?parent=187"}],"curies":[{"name":"wp","href":"https:\/\/api.w.org\/{rel}","templated":true}]}}