{"id":189,"date":"2017-02-01T18:51:35","date_gmt":"2017-02-01T18:51:35","guid":{"rendered":"http:\/\/sastamalanau.fi\/sau\/?page_id=189"},"modified":"2017-02-07T16:31:42","modified_gmt":"2017-02-07T16:31:42","slug":"vuosi-2011","status":"publish","type":"page","link":"http:\/\/sastamalanau.fi\/sau\/vuosi-2011\/","title":{"rendered":"Vuosi 2011"},"content":{"rendered":"<p>&nbsp;<\/p>\n<p><strong>PIKKUJOULU\u00a0la 3.12.2011\u00a0klo\u00a018.00\u00a0Seukulla.<\/strong><br \/>\nIllalliskortteja\u00a0\u00e1\u00a025\u00a0euroa\u00a0saatavana\u00a0hallituksen\u00a0j\u00e4senilt\u00e4.<\/p>\n<p>&nbsp;<\/p>\n<p><strong>SASTAMALAN\u00a0MESTARUUS-JM\u00a0\u00a0Monakossa\u00a0su\u00a016.10.2011\u00a0klo\u00a013.00.<\/strong><br \/>\nMik\u00e4li\u00a0tulet\u00a0ajamaan,\u00a0muistathan\u00a0ilmoittautua\u00a0pe\u00a014.10.\u00a0menness\u00e4<br \/>\nMartti\u00a0Lehtiselle,\u00a0puh. 040-541 5959.<\/p>\n<p>&nbsp;<\/p>\n<p><strong>SYYSKOKOUS\u00a0JA\u00a0SAUNAILTA\u00a0la 1.10.2011\u00a0alkaen\u00a0klo\u00a016.00\u00a0Levon\u00a0mets\u00e4stysmajalla.<\/strong><br \/>\nTervetuloa\u00a0sek\u00e4\u00a0j\u00e4senet\u00a0ett\u00e4\u00a0muut\u00a0talkoissa\u00a0olleet!<\/p>\n<p>&nbsp;<\/p>\n<p><strong>EK-HOITO<\/strong><br \/>\nJ\u00e4mi-ralli\u00a024.9.2011,\u00a0Kankaanp\u00e4\u00e4<br \/>\nHoidamme\u00a0rallissa\u00a0tauko-AT:t<br \/>\nYhteyshenkil\u00f6\u00a0Jari\u00a0Tuomisto,\u00a0puh. 0500 901\u00a0906.<br \/>\nIlmoittaudu\u00a0toimitsijaksi\u00a0Jarille\u00a0viimeist\u00e4\u00e4n\u00a0vk\u00a036\u00a0aikana.<\/p>\n<p>&nbsp;<\/p>\n<p><strong>VAPAA-AIKAMESSUT\u00a0VAMMALAN\u00a0SEUKULLA\u00a0su\u00a028.8.2011\u00a0klo\u00a012 &#8211; 16<\/strong><br \/>\nSAU\u00a0on\u00a0mukana\u00a0messuilla\u00a0esittelem\u00e4ss\u00e4\u00a0toimintaa.\u00a0Tervetuloa\u00a0katsomaan!<br \/>\n<a href=\"files\/Mainos Vapaa-aikamessut 2011.pdf\">Messut-esite<\/a><\/p>\n<p>&nbsp;<\/p>\n<p><strong>EK-HOITO<\/strong><br \/>\nNuutaj\u00e4rven\u00a0Lasi-ralli\u00a027.8.2011,\u00a0Urjala<br \/>\nHoidamme\u00a0rallissa\u00a0EK\u00a02\u00a0yhdess\u00e4\u00a0TamUA:n\u00a0kanssa.\u00a0SAU\u00a0hoitaa\u00a0maalip\u00e4\u00e4n\u00a0ja\u00a0sulkuja.<br \/>\nEK-p\u00e4\u00e4llikk\u00f6n\u00e4\u00a0toimii\u00a0Niko\u00a0Lehtinen apunaan Esko Pyym\u00e4ki<br \/>\nYhteyshenkil\u00f6 Jari Tuomisto, puh. 0500 901\u00a0906.<br \/>\nIlmoittaudu toimitsijaksi Jarille vk 32 aikana.<\/p>\n<p>&nbsp;<\/p>\n<p><strong>ROMPETORI\u00a0la 16.7.2011<\/strong><br \/>\nVammalan\u00a0Auto-\u00a0ja\u00a0traktorimuseolla,<br \/>\nPunkalaitumentie\u00a0158, 38250\u00a0SASTAMALA<br \/>\nTiedustelut:\u00a0Esko\u00a0Pyym\u00e4ki,\u00a0puh. 050-5415273<\/p>\n<p>&nbsp;<\/p>\n<p><strong>JM-KILPAILU\u00a0su\u00a010.7.2011<\/strong><\/p>\n<p>Arvoisat\u00a0autourheiluseuramme\u00a0j\u00e4senet!<br \/>\nOn\u00a0taas\u00a0se\u00a0aika\u00a0vuodesta\u00a0ett\u00e4\u00a0JM-kilpailu\u00a0Monakossa\u00a0on\u00a0hyvin\u00a0l\u00e4hell\u00e4\u00a0(ajetaan\u00a010.7.2011). Asian\u00a0ollessa\u00a0n\u00e4in\u00a0kimurantti,\u00a0tarvitaan\u00a0viel\u00e4\u00a0toimihenkil\u00f6it\u00e4\u00a0kilpailutapahtumien\u00a0hoitoon.\u00a0Erityisen\u00a0kysyttyj\u00e4\u00a0olisivat\u00a0nuoret\u00a0n\u00e4pp\u00e4r\u00e4t\u00a0tyt\u00f6t,\u00a0aamun\u00a0ilmoittautumistapahtuman\u00a0ja\u00a0iltap\u00e4iv\u00e4n\u00a0ostotarjousmenettelyn\u00a0l\u00e4piviemiseksi,\u00a0toki\u00a0miehi\u00e4\u00a0ja\u00a0poikiakin\u00a0tarvitaan.<br \/>\nOttakaapa\u00a0ripe\u00e4sti\u00a0yhteytt\u00e4\u00a0kilpailunjohtaja\u00a0Martti\u00a0Lehtiseen\u00a0040-5415959 tai\u00a0seuramme\u00a0sihteeriin\u00a0Minna\u00a0Tuomistoon,\u00a0niin\u00a0keksit\u00e4\u00e4n\u00a0sinulle\u00a0sopiva\u00a0teht\u00e4v\u00e4.<br \/>\nVietet\u00e4\u00e4n\u00a0yhteinen\u00a0ja\u00a0vauhdikas\u00a0sunnuntai\u00a0Sastamalan\u00a0Monakossa!<\/p>\n<p>&nbsp;<\/p>\n<p><strong>JM-KILPAILUN\u00a0JA\u00a0ROMPETORIN\u00a0J\u00c4RJESTELYPALAVERI\u00a0ti\u00a05.7.2011\u00a0klo\u00a018.30<br \/>\n<\/strong>Vinkin\u00a0vapaa-aikakeskuksessa,\u00a0Ahertajankatu\u00a033<\/p>\n<p>&nbsp;<\/p>\n<p><strong>KERHOTILAN\u00a0TALKOOT\u00a0ma 20.6.2011\u00a0klo\u00a018.30<\/strong><br \/>\nOsoite:\u00a0Pirantie\u00a02, 38210\u00a0SASTAMALA<\/p>\n<p>&nbsp;<\/p>\n<p><strong>UUSIKAUPUNKI-RALLI\u00a0la 21.5.2011<\/strong><br \/>\nKokoontuminen\u00a0la\u00a0klo\u00a010.00\u00a0Rauman\u00a0ABC:lla\u00a0Valtatie\u00a08:n\u00a0varrella.<br \/>\nHoidamme\u00a0EK3\u00a0l\u00e4hd\u00f6n\u00a0sek\u00e4\u00a0lis\u00e4ksi\u00a010\u00a0sulkua\u00a0Kodisjoella.\u00a0Ilmoittautumiset\u00a0ja\u00a0tiedustelut\u00a0EK-p\u00e4\u00e4llikk\u00f6\u00a0Niko\u00a0Lehtinen,\u00a0puh. 040-7063645 tai\u00a0Ismo\u00a0L\u00e4hteenm\u00e4ki,\u00a0puh. 040-5588347.<\/p>\n<p>&nbsp;<\/p>\n<p><strong>NOPEUDEN\u00a0PERUSTOIMITSIJAKOULUTUS<\/strong><br \/>\nUusien\u00a0s\u00e4\u00e4nt\u00f6jen\u00a0mukaisen\u00a0nopeuden\u00a0perustoimitsijalisenssin\u00a0saamiseksi\u00a0tarvittava\u00a0\u201dnopeuden\u00a0perustoimitsijakoulutus\u201d\u00a0j\u00e4rjestet\u00e4\u00e4n\u00a0Turussa.<br \/>\nTorstaina\u00a05.5.2011,\u00a0klo\u00a018:00 \u2013 21:00<br \/>\nPaikka:\u00a0Turun\u00a0UA:n\u00a0kerhohuone,\u00a0Tavarakatu\u00a01 A, 20250\u00a0Turku<br \/>\nIlmoittautukaa\u00a0viimeist\u00e4\u00e4n\u00a02.5.2011\u00a0Minna\u00a0Tuomistolle,\u00a0minnat[at]kopteri.net<\/p>\n<p>&nbsp;<\/p>\n<p><strong>KERHOTILAN TALKOOT<\/strong><br \/>\nOsoite: Pirantie 2, 38210 SASTAMALA<br \/>\nma 2.5.2011 klo 17.30 alkaen<br \/>\nti 3.5.2011 klo 17.30 alkaen<\/p>\n<p>&nbsp;<\/p>\n<p><strong>VAPPUPARAATI su 1.5.2011 klo 12.<\/strong><br \/>\nSAU:lla k\u00e4yt\u00f6ss\u00e4 pikkutori. Kaikki kilpailijat, jotka haluavat esitell\u00e4 kilpailukalustoaan, ovat tervetulleita.<\/p>\n<p>&nbsp;<\/p>\n<p><strong>RALLIN\u00a0ERIKOISKOKEEN\u00a0J\u00c4RJEST\u00c4MISKOULUTUS<\/strong><br \/>\nosa 1 ma 21.3.2011 klo 18.00 &#8211; 21.00<br \/>\nosa 2 ma 11.4.2011 klo 18.00 &#8211; 21.00<br \/>\nPaikka: Hotelli Ellivuori, Ellivuorentie 131, 38130 ELLIVUORI (Sastamala)<br \/>\nIlmoittautumiset\u00a015.3.2011 menness\u00e4 Minna Tuomistolle<br \/>\ns\u00e4hk\u00f6postilla\u00a0minnat[at]kopteri.net\u00a0tai puhelimitse 050-300 7480 klo 18-20.<\/p>\n<p>&nbsp;<\/p>\n<p><strong>SAUNAILTA<\/strong><br \/>\nLevon mets\u00e4stysseuran m\u00f6kill\u00e4 pe 8.4.2011 alkaen klo 18.<br \/>\nIlmoitathan tulostasi viimeist\u00e4\u00e4n 1.4.2011 Minna Tuomistolle joko<br \/>\ns\u00e4hk\u00f6postilla\u00a0minnat[at]kopteri.net\u00a0tai\u00a0puhelimitse\u00a0050-300 7480\u00a0klo 18-20.<\/p>\n<p>Saunaillassa palkittiin talven ajoharjoittelutapahtumien parhaat.<\/p>\n<table border=\"0\" width=\"295\" cellspacing=\"0\" cellpadding=\"0\">\n<colgroup>\n<col width=\"295\" \/><\/colgroup>\n<tbody>\n<tr>\n<td width=\"295\" height=\"25\">Ajoharjoittelutapahtumien 2011 parhaat kuljettajat<\/td>\n<\/tr>\n<tr>\n<td height=\"21\"><\/td>\n<\/tr>\n<tr>\n<td height=\"21\">Yleinen piikkirenkaat<\/td>\n<\/tr>\n<tr>\n<td height=\"21\">1. Olli Yli-Hell\u00e4<\/td>\n<\/tr>\n<tr>\n<td height=\"21\">2. Juuso Innanmaa<\/td>\n<\/tr>\n<tr>\n<td height=\"21\">3. Tarmo Koivula<\/td>\n<\/tr>\n<tr>\n<td height=\"21\"><\/td>\n<\/tr>\n<tr>\n<td height=\"21\">Nuoret piikkirenkaat<\/td>\n<\/tr>\n<tr>\n<td height=\"21\">1. Santeri Wilpola<\/td>\n<\/tr>\n<tr>\n<td height=\"21\">2. Miikka Saarela<\/td>\n<\/tr>\n<tr>\n<td height=\"21\">3. Risto Liukko-Sipi<\/td>\n<\/tr>\n<tr>\n<td height=\"21\"><\/td>\n<\/tr>\n<tr>\n<td height=\"21\">Siviilirenkaat<\/td>\n<\/tr>\n<tr>\n<td height=\"21\">1. Risto Nieminen<\/td>\n<\/tr>\n<tr>\n<td height=\"21\">2. Antti Suominen<\/td>\n<\/tr>\n<tr>\n<td height=\"21\">3. Kari Helin<\/td>\n<\/tr>\n<\/tbody>\n<\/table>\n<p>&nbsp;<\/p>\n<p><strong>AJOHARJOITTELUTAPAHTUMAT<\/strong><br \/>\nEkon\u00a0j\u00e4\u00e4radalla\u00a0klo\u00a013.00<\/p>\n<p>la 05.03.2011\u00a0\u00a0\u00a0<a href=\"..\/index.php?option=com_content&amp;view=article&amp;id=12#270211\">TULOKSET<\/a><br \/>\nsu\u00a027.02.2011\u00a0<a href=\"..\/index.php?option=com_content&amp;view=article&amp;id=12#270211\">TULOKSET<\/a><br \/>\nla 12.02.2011\u00a0<a href=\"..\/index.php?option=com_content&amp;view=article&amp;id=12#la1202\">TULOKSET<\/a><br \/>\nsu\u00a006.02.2011 \u00a0<a id=\"su0602\" href=\"..\/index.php?option=com_content&amp;view=article&amp;id=12#su0602\">TULOKSET<\/a><br \/>\nsu\u00a023.01.2011\u00a0<a href=\"..\/index.php?option=com_content&amp;view=article&amp;id=12#su2301\">TULOKSET<\/a><\/p>\n<p>Luokat:\u00a0siviiliautot\u00a0(siviilirenkaat)<br \/>\nkilpa-autot\u00a0(rallis\u00e4\u00e4nn\u00f6n\u00a0mukaiset\u00a0renkaat)<br \/>\nRatamaksu: 10\u00a0euroa,\u00a0SAU:n\u00a0j\u00e4senet\u00a0ilmaiseksi.<\/p>\n<p>Harjoittelemassa\u00a0voi\u00a0k\u00e4yd\u00e4\u00a0arkisin\u00a0klo\u00a010 \u2013 18\u00a0ja\u00a0lauantaisin\/sunnuntaisin\u00a0klo\u00a012 \u2013 18.<br \/>\nHuom!\u00a0Aukioloaikoja\u00a0on\u00a0noudatettava,\u00a0jotta\u00a0jatkossakin\u00a0saamme\u00a0k\u00e4ytt\u00e4\u00e4\u00a0j\u00e4\u00e4rataa.<br \/>\nKaikkien\u00a0j\u00e4\u00e4ll\u00e4\u00a0olevien\u00a0autojen\u00a0alla\u00a0on\u00a0k\u00e4ytett\u00e4v\u00e4\u00a0suojapahvia\u00a0\u00f6ljyvuotojen varalta.<br \/>\nTiedustelut: Martti Lehtinen, puh. 040-5415959<br \/>\nJari Tuomisto, puh. 0500-901906<\/p>\n<p>&nbsp;<\/p>\n","protected":false},"excerpt":{"rendered":"<p>&nbsp; PIKKUJOULU\u00a0la 3.12.2011\u00a0klo\u00a018.00\u00a0Seukulla. Illalliskortteja\u00a0\u00e1\u00a025\u00a0euroa\u00a0saatavana\u00a0hallituksen\u00a0j\u00e4senilt\u00e4. &nbsp; SASTAMALAN\u00a0MESTARUUS-JM\u00a0\u00a0Monakossa\u00a0su\u00a016.10.2011\u00a0klo\u00a013.00. Mik\u00e4li\u00a0tulet\u00a0ajamaan,\u00a0muistathan\u00a0ilmoittautua\u00a0pe\u00a014.10.\u00a0menness\u00e4 Martti\u00a0Lehtiselle,\u00a0puh. 040-541 5959. &nbsp; SYYSKOKOUS\u00a0JA\u00a0SAUNAILTA\u00a0la 1.10.2011\u00a0alkaen\u00a0klo\u00a016.00\u00a0Levon\u00a0mets\u00e4stysmajalla. Tervetuloa\u00a0sek\u00e4\u00a0j\u00e4senet\u00a0ett\u00e4\u00a0muut\u00a0talkoissa\u00a0olleet! &nbsp; EK-HOITO J\u00e4mi-ralli\u00a024.9.2011,\u00a0Kankaanp\u00e4\u00e4 Hoidamme\u00a0rallissa\u00a0tauko-AT:t Yhteyshenkil\u00f6\u00a0Jari\u00a0Tuomisto,\u00a0puh. 0500[&#8230;]<\/p>\n","protected":false},"author":1,"featured_media":0,"parent":0,"menu_order":0,"comment_status":"closed","ping_status":"closed","template":"","meta":{"footnotes":""},"class_list":["post-189","page","type-page","status-publish","hentry"],"_links":{"self":[{"href":"http:\/\/sastamalanau.fi\/sau\/wp-json\/wp\/v2\/pages\/189","targetHints":{"allow":["GET"]}}],"collection":[{"href":"http:\/\/sastamalanau.fi\/sau\/wp-json\/wp\/v2\/pages"}],"about":[{"href":"http:\/\/sastamalanau.fi\/sau\/wp-json\/wp\/v2\/types\/page"}],"author":[{"embeddable":true,"href":"http:\/\/sastamalanau.fi\/sau\/wp-json\/wp\/v2\/users\/1"}],"replies":[{"embeddable":true,"href":"http:\/\/sastamalanau.fi\/sau\/wp-json\/wp\/v2\/comments?post=189"}],"version-history":[{"count":3,"href":"http:\/\/sastamalanau.fi\/sau\/wp-json\/wp\/v2\/pages\/189\/revisions"}],"predecessor-version":[{"id":211,"href":"http:\/\/sastamalanau.fi\/sau\/wp-json\/wp\/v2\/pages\/189\/revisions\/211"}],"wp:attachment":[{"href":"http:\/\/sastamalanau.fi\/sau\/wp-json\/wp\/v2\/media?parent=189"}],"curies":[{"name":"wp","href":"https:\/\/api.w.org\/{rel}","templated":true}]}}