{"id":28,"date":"2016-07-04T14:26:17","date_gmt":"2016-07-04T14:26:17","guid":{"rendered":"http:\/\/sastamalanau.fi\/sau\/?page_id=28"},"modified":"2024-01-24T07:12:26","modified_gmt":"2024-01-24T07:12:26","slug":"etusivu","status":"publish","type":"page","link":"http:\/\/sastamalanau.fi\/sau\/","title":{"rendered":"Etusivu"},"content":{"rendered":"<p>Talvella 2024 tulossa:<\/p>\n<p>Ajoharjoittelutapahtumat Monakossa 27.1. ja 11.2.<\/p>\n<hr \/>\n<p><strong>SASTAMALAN AUTOURHEILIJAT RY<\/strong><\/p>\n<div id=\"lipsum\">\n<p>Sastamalan AU:lla on pitk\u00e4t perinteet autourheilussa. Vuonna 1965 perustettu seuran nimi oli vuoteen 2009 asti Vammalan Urheiluautoilijat ry. Kun Mouhij\u00e4rven ja \u00c4ets\u00e4n kunnat sek\u00e4 Vammalan kaupunki yhdistyv\u00e4t Sastamalaksi, p\u00e4\u00e4tettiin my\u00f6s seuran nimi muuttaa nykyiseksi ja lyhenteeksi tuli SAU.<\/p>\n<p>J\u00e4senm\u00e4\u00e4r\u00e4 t\u00e4ll\u00e4 hetkell\u00e4 on n. 120 j\u00e4sent\u00e4. Aiemmin seuramme on j\u00e4rjest\u00e4nyt JM-, rallisprint- ja rallikilpailuja. Nykyisin avustamme muita seuroja heid\u00e4n kilpailuissaan. Tulevaisuudessa on tarkoitus j\u00e4rjest\u00e4\u00e4 ainakin harjoituskilpailuja ja mahdollisesti my\u00f6s kansallisia kilpailuja. Talvisin Monakossa on j\u00e4rjestetty ajoharjoittelutapahtumia liukkaankelinradalla.<\/p>\n<p>Useat j\u00e4senemme kilpailevat aktiivisesti mm. jokkis-, sprint-, ralli-, rallicross- ja ratakilpailuissa. Olemme my\u00f6s mukana Moottoripaja\u2013toiminnassa yhdess\u00e4 Sastamalan kaupungin ja seurakunnan kanssa.<\/p>\n<p><strong>Vammalan Urheiluautoilijoista Sastamalan Autourheilijoihin 50 vuotta<\/strong><\/p>\n<p>Seuran historiikkia saatavilla 20 euron hintaan.<\/p>\n<\/div>\n","protected":false},"excerpt":{"rendered":"<p>Talvella 2024 tulossa: Ajoharjoittelutapahtumat Monakossa 27.1. ja 11.2. SASTAMALAN AUTOURHEILIJAT RY Sastamalan AU:lla on pitk\u00e4t perinteet autourheilussa. Vuonna 1965 perustettu[&#8230;]<\/p>\n","protected":false},"author":1,"featured_media":0,"parent":0,"menu_order":0,"comment_status":"closed","ping_status":"closed","template":"","meta":{"footnotes":""},"class_list":["post-28","page","type-page","status-publish","hentry"],"_links":{"self":[{"href":"http:\/\/sastamalanau.fi\/sau\/wp-json\/wp\/v2\/pages\/28","targetHints":{"allow":["GET"]}}],"collection":[{"href":"http:\/\/sastamalanau.fi\/sau\/wp-json\/wp\/v2\/pages"}],"about":[{"href":"http:\/\/sastamalanau.fi\/sau\/wp-json\/wp\/v2\/types\/page"}],"author":[{"embeddable":true,"href":"http:\/\/sastamalanau.fi\/sau\/wp-json\/wp\/v2\/users\/1"}],"replies":[{"embeddable":true,"href":"http:\/\/sastamalanau.fi\/sau\/wp-json\/wp\/v2\/comments?post=28"}],"version-history":[{"count":8,"href":"http:\/\/sastamalanau.fi\/sau\/wp-json\/wp\/v2\/pages\/28\/revisions"}],"predecessor-version":[{"id":416,"href":"http:\/\/sastamalanau.fi\/sau\/wp-json\/wp\/v2\/pages\/28\/revisions\/416"}],"wp:attachment":[{"href":"http:\/\/sastamalanau.fi\/sau\/wp-json\/wp\/v2\/media?parent=28"}],"curies":[{"name":"wp","href":"https:\/\/api.w.org\/{rel}","templated":true}]}}