{"id":291,"date":"2017-12-17T08:18:13","date_gmt":"2017-12-17T08:18:13","guid":{"rendered":"http:\/\/sastamalanau.fi\/sau\/?page_id=291"},"modified":"2017-12-17T08:18:13","modified_gmt":"2017-12-17T08:18:13","slug":"vuosi-2017","status":"publish","type":"page","link":"http:\/\/sastamalanau.fi\/sau\/vuosi-2017\/","title":{"rendered":"Vuosi 2017"},"content":{"rendered":"<p><span style=\"color: #0000cd;\"><span style=\"font-size: 20px;\"><strong>2017<\/strong><\/span><\/span><\/p>\n<p>Sastamalan Autourheilijat ry<br \/>\n<strong>S\u00e4\u00e4nt\u00f6m\u00e4\u00e4r\u00e4inen syyskokous la 25.11.2017 klo 17.00<\/strong><br \/>\nKestikievari Liekorannassa, Asemakatu 34, Sastamala<br \/>\nSyyskokouksessa k\u00e4sitell\u00e4\u00e4n s\u00e4\u00e4nt\u00f6jen m\u00e4\u00e4r\u00e4\u00e4m\u00e4t asiat.<br \/>\nklo 18.00 pikkujouluillallinen<br \/>\nklo 20.00 siirrymme Liekorannan is\u00e4nn\u00e4ntuvalle viett\u00e4m\u00e4\u00e4n yhteist\u00e4 iltaa pikkujoulun, palkitsemisten, virvokkeiden ja rennon yhdess\u00e4olon merkeiss\u00e4.<br \/>\nIllalliskortti 25,- \/ hl\u00f6<br \/>\nIllalliskortit ja lis\u00e4tietoja hallituksen j\u00e4senilt\u00e4 ja Racemanilta, voit my\u00f6s lunastaa illalliskortin ovelta kunhan ilmoittaudut sitovasti 17.11.17 menness\u00e4 p. 040 5689 205<br \/>\nTERVETULOA nykyiset ja tulevat j\u00e4senet!<\/p>\n<p>&nbsp;<\/p>\n<p><strong>EK-HOIDOT<\/strong><\/p>\n<p><strong>la 7.10.2017 Rantaralli (NaSU)<br \/>\n<\/strong>Hoidamme rallissa EK 6\u00a0 ( 26,02 km)<br \/>\nSulkuaika: 13.00 \u2013 20.30<br \/>\nKokoontuminen: Klo 11.30 Myn\u00e4motellilla, <a href=\"https:\/\/maps.google.com\/?q=Porintie+1108,+23100+Myn%C3%A4m%C3%A4ki&amp;entry=gmail&amp;source=g\">Porintie 1108, 23100 Myn\u00e4m\u00e4ki<\/a><br \/>\nYhteyshenkil\u00f6 Jari Tuomisto, puh. 0500 901\u00a0906<\/p>\n<p>&nbsp;<\/p>\n<p><strong>la 30.9.2017 Lake City Rally\u00a0 (TamUA)<br \/>\n<\/strong>Hoidamme rallissa EK 8 (18,28 km)<br \/>\nSulkuaika: 9.00 \u2013 16.00<br \/>\nKokoontuminen Ekoj\u00e4rventien risteyksess\u00e4 klo 8.15<br \/>\nYhteyshenkil\u00f6 Jari Tuomisto, puh. 0500 901\u00a0906<\/p>\n<p>&nbsp;<\/p>\n<p><strong>la 9.9.2017\u00a0SM Oili Jalonen -Ralli<\/strong><br \/>\nHoidamme l\u00e4hd\u00f6n ja sulkuja. Kokoontuminen Laitilan Shellill\u00e4 klo 15.30. Lis\u00e4tietoja EK-p\u00e4\u00e4llikk\u00f6 Henri Tuomistolta p. 050 308 7750 tai Mika Karvoselta p. 040 582 2113<\/p>\n<p>&nbsp;<\/p>\n<p><strong>la 15.7.2017 Autoglym-ralli (PR-Racing)<br \/>\n<\/strong>Hoidamme rallissa EK:t 1 (11,19 km) ja EK\u00a0 6 (14,88 km)<br \/>\nSulkuaika: 7.45 \u2013 20.30<br \/>\nYhteyshenkil\u00f6 Jari Tuomisto, puh. 0500 901\u00a0906<\/p>\n<p>&nbsp;<\/p>\n<p>Henri Haapam\u00e4ki RX on j\u00e4lleen kerran varannut linja-auton k\u00e4ytt\u00f6\u00f6ns\u00e4 ja haluaa ett\u00e4 mahdollisimman moni l\u00e4htee mukaan kauden kolmanteen kisaan Tampereen Kaanaaseen 8.7.2017! Samalla tuet pienimuotoisesti teamin toimintaa ja autat Henkkaa eteenp\u00e4in rallicross uralla. Bussissa on varmasti hyv\u00e4 ja rento tunnelma!<span class=\"text_exposed_show\"><br \/>\nMatkan hinta aikuisilta on 30e\/henkil\u00f6 ja se sis\u00e4lt\u00e4\u00e4 lipun kilpailuun(15e), kuljetuksen Tampereen Kaanaaseen ja takaisin, sek\u00e4 pullakahvit Henkan varikkopaikalla. Jos saadaan autot t\u00e4yteen, laitetaan viel\u00e4 makkaratarjoilu ennen finaaleita!<br \/>\nAlle 12vuotiaat p\u00e4\u00e4see matkalle mukaan 10e\/henkil\u00f6<\/span><\/p>\n<p>SAU MAKSAA J\u00c4SENTEN LINJA-AUTOMATKAN, liput maksavat jokainen itse.<\/p>\n<div id=\"id_5954fee9a0b9a5735988779\" class=\"text_exposed_root text_exposed\">\n<div class=\"text_exposed_show\">\n<p>Linja-auto l\u00e4htee liikkeelle Sastamalasta ja alustava aika-taulu on:<br \/>\n-06.45 Citymarket Sastamalan pihassa oleva Nesteen kylm\u00e4asema<br \/>\n-07.00 Vammalan linja-autoasema<br \/>\n-07.15 Lehtosen vanha kauppa, Stormi<br \/>\n-n.09.15 Kaanaan Moottoriurheilukeskus<br \/>\nTakaisin l\u00e4hdet\u00e4\u00e4n kilpailun p\u00e4\u00e4tytty\u00e4, eli n.16.00-18.00.<br \/>\nL\u00e4htek\u00e4\u00e4 kaikki mukaan ja nautitaan yhdess\u00e4 hieno ja vahdikas lauantai!<br \/>\nLis\u00e4tietoja ja ilmoittautumiset 3.7 menness\u00e4 Tanjalle 040 5689 205 tai tanja.tuomisto@hotmail.fi<\/p>\n<\/div>\n<\/div>\n<p>&nbsp;<\/p>\n<p><strong>Nokia Future -rallisprint 17. \u2013 18.6.2017<\/strong><br \/>\nHoidamme kilpailussa lipunmyynnin ja portin vartioinnin.<br \/>\nYhteyshenkil\u00f6 Minna Tuomisto, puh. 050 3007480.<\/p>\n<p>&nbsp;<\/p>\n<p><strong>TIETURVA I -korttikoulutus<\/strong><br \/>\nSAU:n kerhotila, Pirantie 2 B 19, Sastamala<br \/>\nti 30.5.17 klo 17.30 \u2013 21.15<br \/>\nto 1.6.17 klo 17.30 \u2013 21.00<br \/>\nKoulutus toteutetaan kahtena iltana, molempiin osallistuttava. Koulutus on kaikille avoin.\u00a0\u00a0\u00a0\u00a0\u00a0\u00a0\u00a0\u00a0\u00a0\u00a0\u00a0\u00a0\u00a0\u00a0\u00a0 30 ensimm\u00e4ist\u00e4 mahtuu mukaan ilmoittautumisj\u00e4rjestyksess\u00e4. Tieturvakorttikoulutus oikeuttaa ammattip\u00e4tevyyspisteisiin.<br \/>\nHinnat<br \/>\n28\u20ac sis. Peruskoulutus, oppikirja, lupamaksut, kortti<br \/>\n45\u20ac sis. Peruskoulutus, oppikirja, lupamaksut, kortti, Trafimaksu<br \/>\nSAU maksaa j\u00e4senten koulutuksen, ammattip\u00e4tevyyspisteiden Trafi-maksun 17\u20ac maksaa jokainen itse.<br \/>\n<strong>Ilmoittautumiset <\/strong><a href=\"mailto:tanja.tuomisto@hotmail.fi\">tanja.tuomisto@hotmail.fi<\/a><strong> 23.5.2017 menness\u00e4<\/strong><br \/>\nKahvitarjoilu<\/p>\n<p>&nbsp;<\/p>\n<p><strong>EK-HOITO<br \/>\n<\/strong>la 27.5.2017 Kaasujalkaralli (RaisUA)<strong><br \/>\n<\/strong>Hoidamme rallissa kahteen kertaan ajettavat EK:t 3 ja 6.<br \/>\nPituus: 11,20 km<br \/>\nSulkuaika: 11.55 \u2013 23.00<br \/>\n<strong>Kokoontuminen:\u00a0 Klo 10.45 Myn\u00e4m\u00e4en St1, Kirkkokatu 17, 23100 Myn\u00e4m\u00e4ki<\/strong><br \/>\nYhteyshenkil\u00f6 Jari Tuomisto, puh. 0500 901\u00a0906<\/p>\n<p>&nbsp;<\/p>\n<p><strong>TALKOOT MONAKOSSA\u00a0 to 25.5.2016 alkaen klo 10.00.<\/strong><br \/>\nSiistit\u00e4\u00e4n mm. piha-alueita ja tornia. Talkoosauna osallistuneille my\u00f6hemmin ilmoitettavana ajankohtana.<\/p>\n<p>&nbsp;<\/p>\n<p><strong>EK-HOITO<br \/>\n<\/strong>la 13.5.2017 Teijo Talo -ralli (Salo UA)<strong><br \/>\n<\/strong>Hoidamme rallissa EK6:n sulkuja.<br \/>\nPituus: 10,41 km<br \/>\nSulkuaika: 14.45 \u2013 22.45<br \/>\n<strong>Kokoontuminen klo 13.30\u00a0\u00a0\u00a0 Neste Kisko Toija, Toijantie 1, 25460 SALO<\/strong><br \/>\nYhteyshenkil\u00f6 Jari Tuomisto, puh. 0500 901\u00a0906<\/p>\n<p>&nbsp;<\/p>\n<p>Olemme mukana <strong>Tyrv\u00e4\u00e4nkyl\u00e4n Turnajaisissa 7.5.17 klo 13.00<\/strong>, tulehan k\u00e4ym\u00e4\u00e4n pisteell\u00e4mme!<br \/>\n<a href=\"http:\/\/sastamalanau.fi\/sau\/wp-content\/uploads\/2016\/07\/Tyrv%C3%A4%C3%A4nkyl%C3%A4nTURNAJAISET.pdf\">Tyrv\u00e4\u00e4nkyl\u00e4nTURNAJAISET!!<\/a><\/p>\n<p>&nbsp;<\/p>\n<p><strong>KOTAJ\u00c4RVI-s\u00e4\u00e4ti\u00f6n j\u00e4rjest\u00e4m\u00e4lle museoretkelle 6.5.2017<\/strong> viel\u00e4 paikkoja j\u00e4ljell\u00e4, ota pikaisesti yhteytt\u00e4 Esko Pyym\u00e4keen esko.pyymaki@kopteri.net<br \/>\nLinkki esitteeseen: <a href=\"http:\/\/sastamalanau.fi\/sau\/wp-content\/uploads\/2016\/07\/IMG_20170412_0001-1.pdf\">IMG_20170412_0001 (1)<\/a><\/p>\n<p>&nbsp;<\/p>\n<p><strong>VAPPUTAPAHTUMA 1.5.2017 klo 12.00 PIKKUTORILLA<\/strong><br \/>\nOsallistumme j\u00e4lleen Vapputapahtumaan. Mukana paikallisten kuskien kalustoa.<br \/>\nMika Karvonen\u00a0ja Antti Suominen paistavat j\u00e4lleen makkaraa ja tarjolla on nyt my\u00f6s lettuja.<br \/>\nTervetuloa!<\/p>\n<p>&nbsp;<\/p>\n<p><strong>KEV\u00c4TKOKOUS su 2.4.2017 klo 17.00 SAU:n kerhotilassa, Pirantie 2<\/strong><br \/>\nK\u00e4sitell\u00e4\u00e4n s\u00e4\u00e4nt\u00f6jen m\u00e4\u00e4r\u00e4\u00e4m\u00e4t asiat.<br \/>\nKokouksen j\u00e4lkeen jatkamme j\u00e4senillan merkeiss\u00e4, kahvia tarjolla.<\/p>\n<p>&nbsp;<\/p>\n<p><strong>EKON J\u00c4\u00c4RADALLA<\/strong> voi\u00a0k\u00e4yd\u00e4\u00a0harjoittelemassa<br \/>\nma\u2013pe klo\u00a010 \u2013 18<br \/>\nla \u00a0\u00a0\u00a0\u00a0\u00a0\u00a0\u00a0\u00a0\u00a0klo\u00a012 \u2013 18<br \/>\nsu \u00a0\u00a0\u00a0\u00a0\u00a0\u00a0\u00a0\u00a0klo\u00a012 \u2013 18<br \/>\n<strong>Huom!<\/strong><br \/>\nAukioloaikoja\u00a0on\u00a0noudatettava,\u00a0jotta\u00a0jatkossakin\u00a0saamme\u00a0k\u00e4ytt\u00e4\u00e4\u00a0j\u00e4\u00e4rataa.<br \/>\nKaikkien\u00a0j\u00e4\u00e4ll\u00e4\u00a0olevien\u00a0autojen\u00a0alla\u00a0on\u00a0k\u00e4ytett\u00e4v\u00e4\u00a0suojapahvia\u00a0\u00f6ljyvuotojen varalta.<br \/>\nTiedustelut: Martti Lehtinen, puh. 040-5415959 ja Jari Tuomisto, puh. 0500-901906<\/p>\n<p>&nbsp;<\/p>\n<p><strong>EK-HOITO<\/strong><br \/>\nla 11.2.2017 Telakone-ralli (KySUA)<strong><br \/>\n<\/strong>Hoidamme rallissa EK3 yhdess\u00e4 HuiUA:n kanssa. SAU hoitaa maalip\u00e4\u00e4n ja sulkuja.<br \/>\nPituus: 7,58 km<br \/>\nSulkuaika: 13.15 \u2013 19.45<br \/>\n<strong>Kokoontuminen: kantatie 41 varalaskeutumiskent\u00e4n j\u00e4lkeen olevalla lev\u00e4hdysalueella klo 12.00.\u00a0<\/strong><br \/>\nYhteyshenkil\u00f6 Jari Tuomisto, puh. 0500 901\u00a0906<\/p>\n<p>&nbsp;<\/p>\n<p><img loading=\"lazy\" decoding=\"async\" class=\"alignnone wp-image-215\" src=\"http:\/\/sastamalanau.fi\/sau\/wp-content\/uploads\/2016\/07\/Talvirieha-Monako-2017-212x300.png\" sizes=\"auto, (max-width: 423px) 100vw, 423px\" srcset=\"http:\/\/sastamalanau.fi\/sau\/wp-content\/uploads\/2016\/07\/Talvirieha-Monako-2017-212x300.png 212w, http:\/\/sastamalanau.fi\/sau\/wp-content\/uploads\/2016\/07\/Talvirieha-Monako-2017-768x1086.png 768w, http:\/\/sastamalanau.fi\/sau\/wp-content\/uploads\/2016\/07\/Talvirieha-Monako-2017-724x1024.png 724w\" alt=\"\" width=\"423\" height=\"599\" \/><\/p>\n","protected":false},"excerpt":{"rendered":"<p>2017 Sastamalan Autourheilijat ry S\u00e4\u00e4nt\u00f6m\u00e4\u00e4r\u00e4inen syyskokous la 25.11.2017 klo 17.00 Kestikievari Liekorannassa, Asemakatu 34, Sastamala Syyskokouksessa k\u00e4sitell\u00e4\u00e4n s\u00e4\u00e4nt\u00f6jen m\u00e4\u00e4r\u00e4\u00e4m\u00e4t asiat.[&#8230;]<\/p>\n","protected":false},"author":1,"featured_media":0,"parent":0,"menu_order":0,"comment_status":"closed","ping_status":"closed","template":"","meta":{"footnotes":""},"class_list":["post-291","page","type-page","status-publish","hentry"],"_links":{"self":[{"href":"http:\/\/sastamalanau.fi\/sau\/wp-json\/wp\/v2\/pages\/291","targetHints":{"allow":["GET"]}}],"collection":[{"href":"http:\/\/sastamalanau.fi\/sau\/wp-json\/wp\/v2\/pages"}],"about":[{"href":"http:\/\/sastamalanau.fi\/sau\/wp-json\/wp\/v2\/types\/page"}],"author":[{"embeddable":true,"href":"http:\/\/sastamalanau.fi\/sau\/wp-json\/wp\/v2\/users\/1"}],"replies":[{"embeddable":true,"href":"http:\/\/sastamalanau.fi\/sau\/wp-json\/wp\/v2\/comments?post=291"}],"version-history":[{"count":1,"href":"http:\/\/sastamalanau.fi\/sau\/wp-json\/wp\/v2\/pages\/291\/revisions"}],"predecessor-version":[{"id":292,"href":"http:\/\/sastamalanau.fi\/sau\/wp-json\/wp\/v2\/pages\/291\/revisions\/292"}],"wp:attachment":[{"href":"http:\/\/sastamalanau.fi\/sau\/wp-json\/wp\/v2\/media?parent=291"}],"curies":[{"name":"wp","href":"https:\/\/api.w.org\/{rel}","templated":true}]}}