{"id":366,"date":"2020-01-31T17:19:12","date_gmt":"2020-01-31T17:19:12","guid":{"rendered":"http:\/\/sastamalanau.fi\/sau\/?page_id=366"},"modified":"2020-01-31T17:19:12","modified_gmt":"2020-01-31T17:19:12","slug":"vuosi-2018","status":"publish","type":"page","link":"http:\/\/sastamalanau.fi\/sau\/vuosi-2018\/","title":{"rendered":"Vuosi 2018"},"content":{"rendered":"\n<p>Sastamalan Urheiluautoilijoiden s\u00e4\u00e4nt\u00f6m\u00e4\u00e4r\u00e4inen syyskokous lauantaina 3.11.18 klo 17.00 kerholla, osoite Pirantie 2.<\/p>\n<p>Syyskokouksen j\u00e4lkeen j\u00e4senten palkitsemiset, ruokaa, juomaa\u00a0ja yhteist\u00e4 illanviettoa.<\/p>\n<p>Seura tarjoaa illan tarjoilut, Ilmoitathan tulostasi 30.10.18 menness\u00e4 tanja.tuomisto@hotmail.fi tai 040 5689 205<\/p>\n<p>TERVETULOA!<\/p>\n<hr \/>\n<p>21.10.18 klo 14.00 Paikkana Monako tai SAU kerho (varmistetaan my\u00f6hemmin)<\/p>\n<p>MONAKON alueen kehitt\u00e4misen ja k\u00e4ytt\u00f6\u00f6noton suunnittelua ja pohdintaa yhdess\u00e4 Tapiolan kyl\u00e4yhdistyksen ja MONAKO FK:n kanssa. Tule vaikuttamaan ja tuomaan ideasi julki.<\/p>\n<hr \/>\n<p>EK Hoidot:<\/p>\n<p>RANTARALLI 6.10.18, kokoontuminen klo 12.30 Myn\u00e4motellilla<\/p>\n<p>URJALA HISTORIC RALLI 13.10.18, sulkuihin tarvitaan viel\u00e4 v\u00e4ke\u00e4, lis\u00e4tietoja Jari Tuomisto p. 0500 901 906<\/p>\n<div>\n<p>Sastamalan Urheiluautoilijoiden s\u00e4\u00e4nt\u00f6m\u00e4\u00e4r\u00e4inen kev\u00e4tkokous su 15.4.18 klo 17.00 kerholla, osoite Pirantie 2.<\/p>\n<p>Kev\u00e4tkokouksen j\u00e4lkeen j\u00e4senilta, miss\u00e4 aiheena toimitsijalisenssit.<\/p>\n<p>TERVETULOA!<\/p>\n<div>\n<div>\n<p>EKON J\u00c4\u00c4RATA SULJETTU<\/p>\n<p>EKON J\u00c4\u00c4RADALLA voi\u00a0k\u00e4yd\u00e4\u00a0harjoittelemassa<\/p>\n<p>ma\u2013pe klo\u00a010 \u2013 18<br \/>la \u00a0\u00a0\u00a0\u00a0\u00a0\u00a0\u00a0\u00a0\u00a0klo\u00a012 \u2013 18<br \/>su \u00a0\u00a0\u00a0\u00a0\u00a0\u00a0\u00a0\u00a0klo\u00a012 \u2013 18<br \/>Huom!<br \/>Aukioloaikoja\u00a0on\u00a0noudatettava,\u00a0jotta\u00a0jatkossakin\u00a0saamme\u00a0k\u00e4ytt\u00e4\u00e4\u00a0j\u00e4\u00e4rataa.<br \/>Kaikkien\u00a0j\u00e4\u00e4ll\u00e4\u00a0olevien\u00a0autojen\u00a0alla\u00a0on\u00a0k\u00e4ytett\u00e4v\u00e4\u00a0suojapahvia\u00a0\u00f6ljyvuotojen varalta.<br \/>Tiedustelut:\u00a0Jari Tuomisto, puh. 0500-901906<\/p>\n<\/div>\n<\/div>\n<\/div>\n<div>Talvirieha ja Ajoharjoittelutapahtuma<\/div>\n<div>su 25.2.2018 klo 12.00<\/div>\n<div>Monakossa<\/div>\n<div>\u00a0<\/div>\n<div><a href=\"http:\/\/sastamalanau.fi\/sau\/wp-content\/uploads\/2018\/01\/AJOHARJOITTELU-s\u00e4\u00e4nn\u00f6t-2018.pdf\">AJOHARJOITTELU s\u00e4\u00e4nn\u00f6t 2018<\/a><\/div>\n<div>\u00a0<\/div>\n<div>Osanottomaksu 60\u20ac\/joukkue<\/div>\n<div>Mukaan otetaan 15 joukkuetta ilmoittautumisj\u00e4rjestyksess\u00e4<\/div>\n<div>Ilmoittautuminen: \u00a0tanja.tuomisto@hotmail.fi\u00a0 tai 040 5689 205<\/div>\n<div>\u00a0<\/div>\n<div>\u00a0<\/div>\n<div>AJOHARJOITTELUTAPAHTUMA Monakossa<\/div>\n<div>su 11.2.2018 klo 12.00<\/div>\n<div>\u00a0<\/div>\n<div>\u00a0<\/div>\n<div>TEKNIIKAN P\u00c4\u00c4TOIMITSIJAKOULUTUS<\/div>\n<div class=\"text_exposed_show\">Sastamalassa la 10.2.2018 klo 10.00<\/div>\n<div>Ilmoittautuminen <a href=\"https:\/\/akk.autourheilu.fi\/Login.aspx\" target=\"_blank\" rel=\"nofollow noopener noreferrer\" data-lynx-uri=\"https:\/\/l.facebook.com\/l.php?u=https%3A%2F%2Fakk.autourheilu.fi%2FLogin.aspx&amp;h=ATNsottDNZ_I41vDxwvTL0kTX3_ZZXz0_XZWdeTefx87HBPCfwn3M19L3SqR3LFz3or1R78UtM-C1bufx7Ucitzx4xxrfGK04qQw0UtBpAJgHn8vtJm1DRxQcI50Tf9lR8T3o25CDkSjuu8eu75bVHdGmPQ-20e51cQYAcu8ZNi9NBkjQ0SG5vcQLR-ljzi7hOjnw_xvjIyYpawuPsHUvDQTqhXqutdMoETkDh3QDgb8aQ5uVZLtdtTrLPD1NbkL1Ab8cbDKBXBOFOQJcL1FQQ48FrHODnJzlfO02tq4gR_ZEiW-H0yB6JsyIEyXj5c3Xw\" data-ft=\"{&quot;tn&quot;:&quot;-U&quot;}\" data-lynx-mode=\"hover\">https:\/\/akk.autourheilu.fi\/Login.aspx<\/a><br \/>Lis\u00e4tietoja:<br \/>Erkki Keskinen p. 0400 781 001<\/div>\n<div>Markku Suvanto p. 0400 827 682<\/div>\n<div>\u00a0<\/div>\n<div>\u00a0<\/div>\n<div class=\"text_exposed_show\">J\u00c4SENILTA<\/div>\n<div>su 28.1.18 klo 17.00 SAU:n kerholla<\/div>\n<div>Katsotaan Monakon jokkis-kisatallenteita<\/div>\n<div>\n<p>Tuulilasitarroja saatavilla j\u00e4senillasta<\/p>\n<\/div>\n","protected":false},"excerpt":{"rendered":"<p>Sastamalan Urheiluautoilijoiden s\u00e4\u00e4nt\u00f6m\u00e4\u00e4r\u00e4inen syyskokous lauantaina 3.11.18 klo 17.00 kerholla, osoite Pirantie 2. Syyskokouksen j\u00e4lkeen j\u00e4senten palkitsemiset, ruokaa, juomaa\u00a0ja yhteist\u00e4 illanviettoa.[&#8230;]<\/p>\n","protected":false},"author":1,"featured_media":0,"parent":0,"menu_order":0,"comment_status":"closed","ping_status":"closed","template":"","meta":{"footnotes":""},"class_list":["post-366","page","type-page","status-publish","hentry"],"_links":{"self":[{"href":"http:\/\/sastamalanau.fi\/sau\/wp-json\/wp\/v2\/pages\/366","targetHints":{"allow":["GET"]}}],"collection":[{"href":"http:\/\/sastamalanau.fi\/sau\/wp-json\/wp\/v2\/pages"}],"about":[{"href":"http:\/\/sastamalanau.fi\/sau\/wp-json\/wp\/v2\/types\/page"}],"author":[{"embeddable":true,"href":"http:\/\/sastamalanau.fi\/sau\/wp-json\/wp\/v2\/users\/1"}],"replies":[{"embeddable":true,"href":"http:\/\/sastamalanau.fi\/sau\/wp-json\/wp\/v2\/comments?post=366"}],"version-history":[{"count":1,"href":"http:\/\/sastamalanau.fi\/sau\/wp-json\/wp\/v2\/pages\/366\/revisions"}],"predecessor-version":[{"id":367,"href":"http:\/\/sastamalanau.fi\/sau\/wp-json\/wp\/v2\/pages\/366\/revisions\/367"}],"wp:attachment":[{"href":"http:\/\/sastamalanau.fi\/sau\/wp-json\/wp\/v2\/media?parent=366"}],"curies":[{"name":"wp","href":"https:\/\/api.w.org\/{rel}","templated":true}]}}