{"id":368,"date":"2020-01-31T17:19:48","date_gmt":"2020-01-31T17:19:48","guid":{"rendered":"http:\/\/sastamalanau.fi\/sau\/?page_id=368"},"modified":"2020-01-31T17:19:48","modified_gmt":"2020-01-31T17:19:48","slug":"vuosi-2019","status":"publish","type":"page","link":"http:\/\/sastamalanau.fi\/sau\/vuosi-2019\/","title":{"rendered":"Vuosi 2019"},"content":{"rendered":"\n<p>TALKOOT<\/p>\n<p>Pid\u00e4mme Monakon Moottoriurheilukeskuksessa talkoot la 27.4.2019 klo 11.00 alkaen.<\/p>\n<hr \/>\n<div>\n<div>\n<p>AJOHARJOITTELUTAPAHTUMAT j\u00e4rjestet\u00e4\u00e4n Monakossa keliolosuhteiden salliessa su 10.2.19 ja la 23.2.19 klo 12.00 alkaen<\/p>\n<p>Seuraa ilmoittelua tapahtumista ja tule j\u00e4seniltaan suunnittelemaan tapahtumia!<\/p>\n<p><a href=\"http:\/\/sastamalanau.fi\/sau\/wp-content\/uploads\/2019\/01\/AJOHARJOITTELU-s\u00e4\u00e4nn\u00f6t-2019.pdf\">AJOHARJOITTELU s\u00e4\u00e4nn\u00f6t 2019<\/a><\/p>\n<\/div>\n<\/div>\n<hr \/>\n<p>J\u00c4SENILTA 6.2.2019 klo 18.30 SAU:n kerholla, osoite Pirantie 2.<\/p>\n<p>J\u00e4senkirje 2019_1 l\u00f6ytyy j\u00e4senet sivulta, k\u00e4yh\u00e4n lukaisemassa!<\/p>\n","protected":false},"excerpt":{"rendered":"<p>TALKOOT Pid\u00e4mme Monakon Moottoriurheilukeskuksessa talkoot la 27.4.2019 klo 11.00 alkaen. AJOHARJOITTELUTAPAHTUMAT j\u00e4rjestet\u00e4\u00e4n Monakossa keliolosuhteiden salliessa su 10.2.19 ja la 23.2.19[&#8230;]<\/p>\n","protected":false},"author":1,"featured_media":0,"parent":0,"menu_order":0,"comment_status":"closed","ping_status":"closed","template":"","meta":{"footnotes":""},"class_list":["post-368","page","type-page","status-publish","hentry"],"_links":{"self":[{"href":"http:\/\/sastamalanau.fi\/sau\/wp-json\/wp\/v2\/pages\/368","targetHints":{"allow":["GET"]}}],"collection":[{"href":"http:\/\/sastamalanau.fi\/sau\/wp-json\/wp\/v2\/pages"}],"about":[{"href":"http:\/\/sastamalanau.fi\/sau\/wp-json\/wp\/v2\/types\/page"}],"author":[{"embeddable":true,"href":"http:\/\/sastamalanau.fi\/sau\/wp-json\/wp\/v2\/users\/1"}],"replies":[{"embeddable":true,"href":"http:\/\/sastamalanau.fi\/sau\/wp-json\/wp\/v2\/comments?post=368"}],"version-history":[{"count":1,"href":"http:\/\/sastamalanau.fi\/sau\/wp-json\/wp\/v2\/pages\/368\/revisions"}],"predecessor-version":[{"id":369,"href":"http:\/\/sastamalanau.fi\/sau\/wp-json\/wp\/v2\/pages\/368\/revisions\/369"}],"wp:attachment":[{"href":"http:\/\/sastamalanau.fi\/sau\/wp-json\/wp\/v2\/media?parent=368"}],"curies":[{"name":"wp","href":"https:\/\/api.w.org\/{rel}","templated":true}]}}