{"id":37,"date":"2016-07-04T14:30:41","date_gmt":"2016-07-04T14:30:41","guid":{"rendered":"http:\/\/sastamalanau.fi\/sau\/?page_id=37"},"modified":"2019-01-20T10:54:03","modified_gmt":"2019-01-20T10:54:03","slug":"monako","status":"publish","type":"page","link":"http:\/\/sastamalanau.fi\/sau\/monako\/","title":{"rendered":"Monako"},"content":{"rendered":"<div>\n<p>Sastamalan Autourheilijoiden JM-rata on vuonna 2007 peruskorjattu! Radalle on tullut mutkiin uutta asvalttia, soraa soraosuuksille sek\u00e4 penkkoja siistitty! MONAKO on her\u00e4nnyt pienen hiljaiselon j\u00e4lkeen!! Radalla on kes\u00e4isin harjoittelumahdollisuus seuran ulkopuolisilla j\u00e4senill\u00e4 10\u20ac\/auto.<\/p>\n<p>Radan osoite: Punkalaitumentie 746, 38250 SASTAMALA<br \/>\nTiedustelut: Jari Tuomisto puh. 0500 901 906<\/p>\n<p>Monakon moottoriurheilukeskus on avattu 1.4.2015 alkaen. Katso p\u00e4\u00e4t\u00f6s <a href=\"http:\/\/www.sastamalanau.fi\/www\/images\/Ilmoitus_31.3.2015-_Monakon_ymp%C3%A4rist%C3%B6lupa.doc\">t\u00e4st\u00e4<\/a>.<br \/>\n<strong>Seuraavat rajoitukset huomioitava<\/strong><br \/>\n1. Monakon moottoriurheiluradalla saa harjoittaa sellaista toimintaa, joka ei ylit\u00e4 LAFmax tasoa 91 dB 10 metrin et\u00e4isyydell\u00e4 radasta. Toiminnanharjoittajan on seurattava LAFmax tasoa riitt\u00e4v\u00e4sti harjoitustoiminnan aikana teht\u00e4vill\u00e4 mittauksilla ja pidett\u00e4v\u00e4 siit\u00e4 kirjanpitoa.<br \/>\n2. Mik\u00e4li radalla j\u00e4rjestet\u00e4\u00e4n kilpailuja, tulee 10 metrin et\u00e4isyydell\u00e4 radasta olla LAFmax tasoa mittaava melumittari. Melumittarin tulee olla jatkuvatoiminen ja siit\u00e4 tulee saada koko kilpailun aikainen raportti. Kilpailun j\u00e4rjest\u00e4j\u00e4n tulee seurata LAFmax melun tasoa kilpailujen aikana ja huolehtia siit\u00e4, ett\u00e4 LAFmax taso 91 dB 10 metrin et\u00e4isyydell\u00e4 ei ylity. Mittausraportti tulee toimittaa ymp\u00e4rist\u00f6jaostolle v\u00e4litt\u00f6m\u00e4sti, kuitenkin viimeist\u00e4\u00e4n viisi vuorokautta kilpailun j\u00e4lkeen.<\/p>\n<p><strong>Ajo on kielletty Yamaha ja Raket 120 -luokan autoilla ilman lis\u00e4-\u00e4\u00e4nenvaimennusta. Samoin t\u00e4st\u00e4 suuremmat luokat.\u00a0 JM-ajo on kielletty ilman tehokasta lis\u00e4-\u00e4\u00e4nenvaimennusta.<br \/>\nKatso kalenteri <\/strong><strong><a href=\"http:\/\/sastamalanau.fi\/sau\/kalenteri\/\">t\u00e4st\u00e4<\/a><\/strong><strong>.<\/strong><\/p>\n<p><strong>Radan aukioloajat:<br \/>\n<\/strong>ma \u2013 to\u00a0\u00a0\u00a0\u00a0 klo 10 \u2013 20<br \/>\npe\u00a0\u00a0\u00a0\u00a0\u00a0\u00a0\u00a0\u00a0 \u00a0\u00a0 \u00a0 klo 10 \u2013 18<br \/>\nla\u00a0\u00a0\u00a0\u00a0\u00a0\u00a0\u00a0 \u00a0\u00a0 \u00a0\u00a0\u00a0\u00a0 klo 10 \u2013 16<br \/>\nsu\u00a0\u00a0\u00a0\u00a0\u00a0\u00a0\u00a0\u00a0\u00a0 \u00a0\u00a0 \u00a0 klo 12 \u2013 18<br \/>\nkilpailup\u00e4ivin\u00e4\u00a0\u00a0\u00a0\u00a0klo 9 \u2013 20<\/p>\n<div>\n<hr size=\"2\" width=\"100%\" \/>\n<\/div>\n<p><strong>Rata on avoinna:<\/strong><br \/>\nparittomilla viikoilla\u00a0\u00a0\u00a0\u00a0ke \u2013 pe<br \/>\nparillisilla viikoilla\u00a0\u00a0\u00a0\u00a0\u00a0\u00a0\u00a0ma \u2013 su<\/p>\n<div>\n<hr size=\"2\" width=\"100%\" \/>\n<\/div>\n<p><strong>Rata on suljettu:<\/strong><br \/>\nparittomilla viikoilla\u00a0\u00a0\u00a0\u00a0\u00a0\u00a0\u00a0\u00a0\u00a0\u00a0\u00a0\u00a0\u00a0\u00a0\u00a0\u00a0\u00a0\u00a0 \u00a0\u00a0\u00a0\u00a0ma \u2013 ti\u00a0\u00a0 sek\u00e4\u00a0\u00a0\u00a0 la \u2013 su<br \/>\nkokonaan seuraavilla viikoilla:\u00a0\u00a0\u00a0\u00a0\u00a0 23, 27, 29, 33, 37 ja 40<br \/>\nseuraavina juhlapyhin\u00e4:<br \/>\n&#8211; uudenvuodenp\u00e4iv\u00e4 1.1.<br \/>\n&#8211; loppiainen 6.1.<br \/>\n&#8211; p\u00e4\u00e4si\u00e4inen (pitk\u00e4perjantai \u2013 2. p\u00e4\u00e4si\u00e4isp\u00e4iv\u00e4)<br \/>\n&#8211; vapunp\u00e4iv\u00e4 1.5.<br \/>\n&#8211; \u00e4itienp\u00e4iv\u00e4 (toukokuun 2. sunnuntai)<br \/>\n&#8211; helatorstai<br \/>\n&#8211; helluntai<br \/>\n&#8211; juhannus (aatosta sunnuntaihin)<br \/>\n&#8211; pyh\u00e4inp\u00e4iv\u00e4 31.10. (lauantai ja sunnuntai)<br \/>\n&#8211; itsen\u00e4isyysp\u00e4iv\u00e4 6.12.<br \/>\n&#8211; joulu 24. \u2013 26.12.<\/p>\n<p>&nbsp;<\/p>\n<p align=\"left\">\u00a0<img loading=\"lazy\" decoding=\"async\" src=\"http:\/\/www.sastamalanau.fi\/www\/images\/jm_rata.jpg\" alt=\"alt\" width=\"575\" height=\"426\" \/><\/p>\n<\/div>\n","protected":false},"excerpt":{"rendered":"<p>Sastamalan Autourheilijoiden JM-rata on vuonna 2007 peruskorjattu! Radalle on tullut mutkiin uutta asvalttia, soraa soraosuuksille sek\u00e4 penkkoja siistitty! MONAKO on[&#8230;]<\/p>\n","protected":false},"author":1,"featured_media":0,"parent":0,"menu_order":0,"comment_status":"closed","ping_status":"closed","template":"","meta":{"footnotes":""},"class_list":["post-37","page","type-page","status-publish","hentry"],"_links":{"self":[{"href":"http:\/\/sastamalanau.fi\/sau\/wp-json\/wp\/v2\/pages\/37","targetHints":{"allow":["GET"]}}],"collection":[{"href":"http:\/\/sastamalanau.fi\/sau\/wp-json\/wp\/v2\/pages"}],"about":[{"href":"http:\/\/sastamalanau.fi\/sau\/wp-json\/wp\/v2\/types\/page"}],"author":[{"embeddable":true,"href":"http:\/\/sastamalanau.fi\/sau\/wp-json\/wp\/v2\/users\/1"}],"replies":[{"embeddable":true,"href":"http:\/\/sastamalanau.fi\/sau\/wp-json\/wp\/v2\/comments?post=37"}],"version-history":[{"count":9,"href":"http:\/\/sastamalanau.fi\/sau\/wp-json\/wp\/v2\/pages\/37\/revisions"}],"predecessor-version":[{"id":348,"href":"http:\/\/sastamalanau.fi\/sau\/wp-json\/wp\/v2\/pages\/37\/revisions\/348"}],"wp:attachment":[{"href":"http:\/\/sastamalanau.fi\/sau\/wp-json\/wp\/v2\/media?parent=37"}],"curies":[{"name":"wp","href":"https:\/\/api.w.org\/{rel}","templated":true}]}}