{"id":60,"date":"2016-07-04T14:51:11","date_gmt":"2016-07-04T14:51:11","guid":{"rendered":"http:\/\/sastamalanau.fi\/sau\/?page_id=60"},"modified":"2022-10-06T16:40:40","modified_gmt":"2022-10-06T16:40:40","slug":"vuokraustoiminta","status":"publish","type":"page","link":"http:\/\/sastamalanau.fi\/sau\/vuokraustoiminta\/","title":{"rendered":"Vuokraustoiminta"},"content":{"rendered":"<p><strong>TAPAHTUMA-WC VUOKRAUS<\/strong><\/p>\n<p>Seurallamme on vuokrattavana kaksi tapahtuma-WC:t\u00e4.<\/p>\n<p>Vuokra: 250\u20ac\/kaksi WC:t\u00e4 (kuljetus Sastamalan alueella sis\u00e4ltyy hintaan)<\/p>\n<p>Yhteyshenkil\u00f6: Jari Tuomisto, puh. 0500 901906<\/p>\n","protected":false},"excerpt":{"rendered":"<p>TAPAHTUMA-WC VUOKRAUS Seurallamme on vuokrattavana kaksi tapahtuma-WC:t\u00e4. Vuokra: 250\u20ac\/kaksi WC:t\u00e4 (kuljetus Sastamalan alueella sis\u00e4ltyy hintaan) Yhteyshenkil\u00f6: Jari Tuomisto, puh. 0500[&#8230;]<\/p>\n","protected":false},"author":1,"featured_media":0,"parent":0,"menu_order":0,"comment_status":"closed","ping_status":"closed","template":"","meta":{"footnotes":""},"class_list":["post-60","page","type-page","status-publish","hentry"],"_links":{"self":[{"href":"http:\/\/sastamalanau.fi\/sau\/wp-json\/wp\/v2\/pages\/60","targetHints":{"allow":["GET"]}}],"collection":[{"href":"http:\/\/sastamalanau.fi\/sau\/wp-json\/wp\/v2\/pages"}],"about":[{"href":"http:\/\/sastamalanau.fi\/sau\/wp-json\/wp\/v2\/types\/page"}],"author":[{"embeddable":true,"href":"http:\/\/sastamalanau.fi\/sau\/wp-json\/wp\/v2\/users\/1"}],"replies":[{"embeddable":true,"href":"http:\/\/sastamalanau.fi\/sau\/wp-json\/wp\/v2\/comments?post=60"}],"version-history":[{"count":5,"href":"http:\/\/sastamalanau.fi\/sau\/wp-json\/wp\/v2\/pages\/60\/revisions"}],"predecessor-version":[{"id":382,"href":"http:\/\/sastamalanau.fi\/sau\/wp-json\/wp\/v2\/pages\/60\/revisions\/382"}],"wp:attachment":[{"href":"http:\/\/sastamalanau.fi\/sau\/wp-json\/wp\/v2\/media?parent=60"}],"curies":[{"name":"wp","href":"https:\/\/api.w.org\/{rel}","templated":true}]}}