{"id":62,"date":"2016-07-04T14:52:23","date_gmt":"2016-07-04T14:52:23","guid":{"rendered":"http:\/\/sastamalanau.fi\/sau\/?page_id=62"},"modified":"2023-12-14T16:09:40","modified_gmt":"2023-12-14T16:09:40","slug":"nuorten-tyopaja","status":"publish","type":"page","link":"http:\/\/sastamalanau.fi\/sau\/nuorten-tyopaja\/","title":{"rendered":"Moottoripaja"},"content":{"rendered":"<p><strong>14.12.2023<\/strong><\/p>\n<p>Nuorille suunnattu moottoripajatoiminta on edelleen k\u00e4ynniss\u00e4. Moottoripajan tilat ovat nyky\u00e4\u00e4n Sastamalan keskustan tuntumassa, &#8221;k\u00e4ts\u00e4koulun&#8221; rakennuksessa. Moottoripajalla k\u00e4y kerran viikossa noin 10 nuorta korjailemassa mopojaan ja viett\u00e4m\u00e4ss\u00e4 aikaa yhdess\u00e4. Toisinaan nuorien kanssa k\u00e4yd\u00e4\u00e4n my\u00f6s Monakossa harjoittelemassa auton hallintaa.<\/p>\n<p>Mik\u00e4li haluat osallistua moottoripajatoimintaan esimerkiksi vapaaehtoisen vet\u00e4j\u00e4n roolissa, ota yhteytt\u00e4 Jari Tuomistoon tai seurakunnan Tarmo Marjam\u00e4keen.<\/p>\n<p><strong>15.1.2015<\/strong><\/p>\n<p>Sastamalan srk:n\u00a0nuorten Autopaja on mukana valtakunnallisessa MOOTTORIPAJA-hankkeessa, jota rahoittaa RAY seuraavat 3 vuotta. Mekin saimme joulukuussa t\u00e4nne Sastamalaan 1000:lla eurolla ty\u00f6kaluja ja muuta v\u00e4lineist\u00f6\u00e4. Nyt ainoa isompi ongelma on ty\u00f6tilamme kapeat ovet (seinien vahvuus 120 cm kive\u00e4).<\/p>\n<p>Meill\u00e4 on kaksi autoa ajokunnossa V\u00e4lim\u00e4en tilalla, joilla ajoimme syksyn kuivien kelien aikana pellolla ja ajelemme j\u00e4\u00e4radalla, kunhan kev\u00e4t etenee ja illat valaistuvat.<\/p>\n<p>Moottoripajahankkeesta lis\u00e4tietoa <a title=\"blocked::&lt;a href=\" href=\"http:\/\/www.moottoripaja.fi\">http:\/\/www.moottoripaja.fi\/<\/a><\/p>\n<p>T\u00e4ll\u00e4 hetkell\u00e4 kunnostamme pajalla Kotaj\u00e4rven Auto- ja Traktorimuseon mopoja kev\u00e4\u00e4n vappuparaatia varten.<\/p>\n<p>Tervetuloa vierailemaan pajallamme. Otamme vastaan lahjoituksina erilaisia k\u00e4ytt\u00f6\u00f6mme soveltuvia ajoneuvoja.<\/p>\n<p>Terveisin<br \/>\nEsko Pyym\u00e4ki 050 541 5273<br \/>\nTarmo Marjam\u00e4ki 050 314 9085<\/p>\n<p><strong>12.9.2014<\/strong><\/p>\n<p>Autopajatoiminta Vihattulassa k\u00e4ynnistet\u00e4\u00e4n alkuvuoden tauon j\u00e4lkeen 17.9. klo 17.00.<br \/>\nTervetuloa tutustumaan ja suunnitelemaan talvikauden toimintaa.<\/p>\n<p>Lis\u00e4tiedot:<br \/>\nEsko Pyym\u00e4ki 050 541 5273<br \/>\nTarmo Marjam\u00e4ki 050 314 9085<\/p>\n<div><strong>2011<\/strong><\/div>\n<div><\/div>\n<div>Sastamalan Autourheilijoiden, seurakunnan ja kaupungin yhteisty\u00f6ss\u00e4 k\u00e4ynnist\u00e4m\u00e4 nuorisoty\u00f6hanke harrastusmahdollisuuksien lis\u00e4\u00e4miseksi nuorille.<\/div>\n<p>Katso juttu <a href=\"http:\/\/jps.capnova.com\/%7Ealueviesti\/lehdet\/2010\/45\/index.html\">Alueviestiss\u00e4<\/a> sivulla 11.<\/p>\n<p>Yhteyshenkil\u00f6: Esko Pyym\u00e4ki, puh. 050-5415273<\/p>\n<p>Autopaja toimii tiistaisin klo 17 alkaen Vihattulassa.<\/p>\n<p>Tervetuloa kaikki poikkeamaan ja tutustumaan toimintaan, eik\u00e4 talkooapukaan olisi haitaksi. Pulaa on ty\u00f6kaluista, tarvikkeista ja ennen kaikkea pienikokoisia autoja otettaisiin kiitollisuudella vastaan. Ovi\u00a0ty\u00f6tilaan on kapea ja pielet yli metrin vahvuiset.<\/p>\n<p>Ajotapahtumia on pari pidetty ja niiss\u00e4 on ollut innokkaita osallistujia. Niiss\u00e4kin tarvittaisiin ajon opastajia istumaan viereen ja neuvomaan hommaa. Juuri sain puhelun lahjoittajalta, jolta saadaan rullaava Escortin kori turvakaarilla. Siihen pit\u00e4isi l\u00f6yt\u00e4\u00e4 jostain tekniikka.<\/p>\n<p>Seuratkaa tapahtumia SAU:n sivujen Nuorten ty\u00f6paja -sivulta ja seurakunnan nuorisotoiminta- sivuilta.<\/p>\n","protected":false},"excerpt":{"rendered":"<p>14.12.2023 Nuorille suunnattu moottoripajatoiminta on edelleen k\u00e4ynniss\u00e4. Moottoripajan tilat ovat nyky\u00e4\u00e4n Sastamalan keskustan tuntumassa, &#8221;k\u00e4ts\u00e4koulun&#8221; rakennuksessa. Moottoripajalla k\u00e4y kerran viikossa[&#8230;]<\/p>\n","protected":false},"author":1,"featured_media":0,"parent":0,"menu_order":0,"comment_status":"closed","ping_status":"closed","template":"","meta":{"footnotes":""},"class_list":["post-62","page","type-page","status-publish","hentry"],"_links":{"self":[{"href":"http:\/\/sastamalanau.fi\/sau\/wp-json\/wp\/v2\/pages\/62","targetHints":{"allow":["GET"]}}],"collection":[{"href":"http:\/\/sastamalanau.fi\/sau\/wp-json\/wp\/v2\/pages"}],"about":[{"href":"http:\/\/sastamalanau.fi\/sau\/wp-json\/wp\/v2\/types\/page"}],"author":[{"embeddable":true,"href":"http:\/\/sastamalanau.fi\/sau\/wp-json\/wp\/v2\/users\/1"}],"replies":[{"embeddable":true,"href":"http:\/\/sastamalanau.fi\/sau\/wp-json\/wp\/v2\/comments?post=62"}],"version-history":[{"count":8,"href":"http:\/\/sastamalanau.fi\/sau\/wp-json\/wp\/v2\/pages\/62\/revisions"}],"predecessor-version":[{"id":395,"href":"http:\/\/sastamalanau.fi\/sau\/wp-json\/wp\/v2\/pages\/62\/revisions\/395"}],"wp:attachment":[{"href":"http:\/\/sastamalanau.fi\/sau\/wp-json\/wp\/v2\/media?parent=62"}],"curies":[{"name":"wp","href":"https:\/\/api.w.org\/{rel}","templated":true}]}}