{"id":8,"date":"2016-07-04T14:24:37","date_gmt":"2016-07-04T14:24:37","guid":{"rendered":"http:\/\/sastamalanau.fi\/sau\/?page_id=8"},"modified":"2023-12-14T16:14:19","modified_gmt":"2023-12-14T16:14:19","slug":"jasenelle","status":"publish","type":"page","link":"http:\/\/sastamalanau.fi\/sau\/jasenelle\/","title":{"rendered":"J\u00e4senelle"},"content":{"rendered":"<p><a href=\"http:\/\/sastamalanau.fi\/sau\/wp-content\/uploads\/2019\/01\/J\u00e4senkirje-2019_1.pdf\">J\u00e4senkirje 2019_1<\/a><\/p>\n<p><a href=\"http:\/\/sastamalanau.fi\/sau\/wp-content\/uploads\/2018\/03\/J\u00e4senkirje-2018_1.pdf\">J\u00e4senkirje 2018_1<\/a><\/p>\n<hr \/>\n<p>J\u00e4senasioita seurassamme hoitaa Sanni Saarela. Voit liitty\u00e4 j\u00e4seneksi t\u00e4ytt\u00e4m\u00e4ll\u00e4 j\u00e4senhakemuskaavakkeen netiss\u00e4 kohdasta Seura -&gt; j\u00e4senhakemus. Voit l\u00e4hett\u00e4\u00e4 my\u00f6s s\u00e4hk\u00f6postia osoitteella sanni.ksaarela@gmail.com<\/p>\n<p>J\u00c4SENMAKSUT<br \/>\nAikuisj\u00e4sen\u00a0\u00a0\u00a0\u00a0\u00a0\u00a0\u00a0\u00a0\u00a0 40,-<br \/>\nNuorisoj\u00e4sen\u00a0\u00a0\u00a0\u00a0\u00a0\u00a0 15,-\u00a0\u00a0\u00a0\u00a0 (alle 15-v.)<\/p>\n<p>Kun olet liittynyt j\u00e4seneksi, j\u00e4sentietosi l\u00f6ytyv\u00e4t AKK:n KITI-j\u00e4rjestelm\u00e4st\u00e4 \u00a0 <a href=\"https:\/\/akk.autourheilu.fi\/Login.aspx\"><img loading=\"lazy\" decoding=\"async\" id=\"logo\" src=\"https:\/\/akk.autourheilu.fi\/images\/kiti_logo.png\" alt=\"KITI\" width=\"112\" height=\"49\" \/> Kirjautumista varten tarvitset <\/a>Motorsport ID:n, jonka saat j\u00e4senmaksulaskun mukana. Jos sinulla on kysytt\u00e4v\u00e4\u00e4 j\u00e4senasioista, ota yhteytt\u00e4 Sanniin.<br \/>\nAKK:n nettisivut l\u00f6ytyv\u00e4t osoitteesta <a href=\"http:\/\/www.autourheilu.fi\">www.autourheilu.fi<\/a><\/p>\n<p><strong>Tutkinnot ja koulutukset<\/strong><br \/>\nAlueen tutkinnoista ja koulutuksista saat parhaiten tietoa alueen nettisivuilta tai suoraan linkist\u00e4 <strong><a href=\"http:\/\/www.autourheilu.fi\/alueet\/lansisuomi\/tutkinnot\/\">Tutkinnot<\/a> <\/strong><\/p>\n<p><strong>Seuran ikkunatarrat<\/strong><br \/>\nSeuran ikkunatarroja voi tiedustella Jari Tuomistolta, puh. 0500 901906<\/p>\n<p><strong>Seuran T-paidat<\/strong><br \/>\nV\u00e4rein\u00e4\u00a0<a href=\"http:\/\/www.sastamalanau.fi\/www\/files\/SAU%20T-paita%20sininen.jpg\">sininen<\/a> ja <a href=\"http:\/\/www.sastamalanau.fi\/www\/files\/SAU%20T-paita%20harmaa.jpg\">harmaa<\/a>. Hinta 5 eur.<br \/>\nKoot:\u00a0 S &#8211; XXL<br \/>\nT-paitoja voi tiedustella Jari Tuomistolta, puh. 0500 901906<\/p>\n<p><strong>Anna palautetta seuralle<\/strong><br \/>\nVoit antaa palautetta seuralle kohdasta Seura-Palautelomake esim. nettisivuista, mist\u00e4 haluat saada tietoa seuran nettisivujen kautta tai mit\u00e4 toimintaa haluat seuran j\u00e4rjest\u00e4v\u00e4n. Palautelomakkeella\u00a0voit l\u00e4hett\u00e4\u00e4 my\u00f6s eroanomuksen, mik\u00e4li et halua olla en\u00e4\u00e4 seuramme j\u00e4sen.<\/p>\n","protected":false},"excerpt":{"rendered":"<p>J\u00e4senkirje 2019_1 J\u00e4senkirje 2018_1 J\u00e4senasioita seurassamme hoitaa Sanni Saarela. Voit liitty\u00e4 j\u00e4seneksi t\u00e4ytt\u00e4m\u00e4ll\u00e4 j\u00e4senhakemuskaavakkeen netiss\u00e4 kohdasta Seura -&gt; j\u00e4senhakemus. Voit[&#8230;]<\/p>\n","protected":false},"author":1,"featured_media":0,"parent":0,"menu_order":0,"comment_status":"closed","ping_status":"closed","template":"","meta":{"footnotes":""},"class_list":["post-8","page","type-page","status-publish","hentry"],"_links":{"self":[{"href":"http:\/\/sastamalanau.fi\/sau\/wp-json\/wp\/v2\/pages\/8","targetHints":{"allow":["GET"]}}],"collection":[{"href":"http:\/\/sastamalanau.fi\/sau\/wp-json\/wp\/v2\/pages"}],"about":[{"href":"http:\/\/sastamalanau.fi\/sau\/wp-json\/wp\/v2\/types\/page"}],"author":[{"embeddable":true,"href":"http:\/\/sastamalanau.fi\/sau\/wp-json\/wp\/v2\/users\/1"}],"replies":[{"embeddable":true,"href":"http:\/\/sastamalanau.fi\/sau\/wp-json\/wp\/v2\/comments?post=8"}],"version-history":[{"count":11,"href":"http:\/\/sastamalanau.fi\/sau\/wp-json\/wp\/v2\/pages\/8\/revisions"}],"predecessor-version":[{"id":397,"href":"http:\/\/sastamalanau.fi\/sau\/wp-json\/wp\/v2\/pages\/8\/revisions\/397"}],"wp:attachment":[{"href":"http:\/\/sastamalanau.fi\/sau\/wp-json\/wp\/v2\/media?parent=8"}],"curies":[{"name":"wp","href":"https:\/\/api.w.org\/{rel}","templated":true}]}}